{"id":1867,"date":"2023-06-26T13:13:18","date_gmt":"2023-06-26T13:13:18","guid":{"rendered":"https:\/\/radphysics.com\/ressources-liens\/"},"modified":"2024-03-05T09:25:40","modified_gmt":"2024-03-05T09:25:40","slug":"ressources-liens","status":"publish","type":"page","link":"https:\/\/radphysics.com\/fr\/ressources-liens\/","title":{"rendered":"Ressources \/ Liens"},"content":{"rendered":"\t\t<div data-elementor-type=\"wp-page\" data-elementor-id=\"1867\" class=\"elementor elementor-1867 elementor-1038\" data-elementor-post-type=\"page\">\n\t\t\t\t\t\t<section class=\"elementor-section elementor-top-section elementor-element elementor-element-8545055 elementor-section-boxed elementor-section-height-default elementor-section-height-default\" data-id=\"8545055\" data-element_type=\"section\" data-e-type=\"section\" data-settings=\"{&quot;background_background&quot;:&quot;classic&quot;}\">\n\t\t\t\t\t\t\t<div class=\"elementor-background-overlay\"><\/div>\n\t\t\t\t\t\t\t<div class=\"elementor-container elementor-column-gap-default\">\n\t\t\t\t\t<div class=\"elementor-column elementor-col-100 elementor-top-column elementor-element elementor-element-a2246e2\" data-id=\"a2246e2\" data-element_type=\"column\" data-e-type=\"column\">\n\t\t\t<div class=\"elementor-widget-wrap elementor-element-populated\">\n\t\t\t\t\t\t<div class=\"elementor-element elementor-element-fcb239b elementor-icon-list--layout-inline elementor-list-item-link-full_width elementor-widget elementor-widget-icon-list\" data-id=\"fcb239b\" data-element_type=\"widget\" data-e-type=\"widget\" data-widget_type=\"icon-list.default\">\n\t\t\t\t<div class=\"elementor-widget-container\">\n\t\t\t\t\t\t\t<ul class=\"elementor-icon-list-items elementor-inline-items\">\n\t\t\t\t\t\t\t<li class=\"elementor-icon-list-item elementor-inline-item\">\n\t\t\t\t\t\t\t\t\t\t\t<a href=\"https:\/\/radphysics.com\/fr\/\">\n\n\t\t\t\t\t\t\t\t\t\t\t<span class=\"elementor-icon-list-text\">Accueil<\/span>\n\t\t\t\t\t\t\t\t\t\t\t<\/a>\n\t\t\t\t\t\t\t\t\t<\/li>\n\t\t\t\t\t\t\t\t<li class=\"elementor-icon-list-item elementor-inline-item\">\n\t\t\t\t\t\t\t\t\t\t\t<a href=\"https:\/\/radphysics.com\/fr\/ressources-liens\/\">\n\n\t\t\t\t\t\t\t\t\t\t\t\t<span class=\"elementor-icon-list-icon\">\n\t\t\t\t\t\t\t<i aria-hidden=\"true\" class=\"fas fa-caret-right\"><\/i>\t\t\t\t\t\t<\/span>\n\t\t\t\t\t\t\t\t\t\t<span class=\"elementor-icon-list-text\">Ressources \/ Liens<\/span>\n\t\t\t\t\t\t\t\t\t\t\t<\/a>\n\t\t\t\t\t\t\t\t\t<\/li>\n\t\t\t\t\t\t<\/ul>\n\t\t\t\t\t\t<\/div>\n\t\t\t\t<\/div>\n\t\t\t\t<div class=\"elementor-element elementor-element-4642683 elementor-widget elementor-widget-heading\" data-id=\"4642683\" data-element_type=\"widget\" data-e-type=\"widget\" data-widget_type=\"heading.default\">\n\t\t\t\t<div class=\"elementor-widget-container\">\n\t\t\t\t\t<h1 class=\"elementor-heading-title elementor-size-default\">RESSOURCES \/ LIENS<\/h1>\t\t\t\t<\/div>\n\t\t\t\t<\/div>\n\t\t\t\t\t<\/div>\n\t\t<\/div>\n\t\t\t\t\t<\/div>\n\t\t<\/section>\n\t\t\t\t<section class=\"elementor-section elementor-top-section elementor-element elementor-element-32565c9 elementor-section-boxed elementor-section-height-default elementor-section-height-default\" data-id=\"32565c9\" data-element_type=\"section\" data-e-type=\"section\">\n\t\t\t\t\t\t<div class=\"elementor-container elementor-column-gap-default\">\n\t\t\t\t\t<div class=\"elementor-column elementor-col-50 elementor-top-column elementor-element elementor-element-e4842aa\" data-id=\"e4842aa\" data-element_type=\"column\" data-e-type=\"column\">\n\t\t\t<div class=\"elementor-widget-wrap elementor-element-populated\">\n\t\t\t\t\t\t<div class=\"elementor-element elementor-element-7d72295 elementor-widget elementor-widget-text-editor\" data-id=\"7d72295\" data-element_type=\"widget\" data-e-type=\"widget\" data-widget_type=\"text-editor.default\">\n\t\t\t\t<div class=\"elementor-widget-container\">\n\t\t\t\t\t\t\t\t\t<p><a href=\"http:\/\/www.ahrq.gov\/\">Agence pour la Recherche et la Qualit\u00e9 des Soins de Sant\u00e9 (AHRQ)<\/a><\/p><p><a href=\"http:\/\/www.hps1.org\/aahp\/\">Acad\u00e9mie Am\u00e9ricaine de Physique M\u00e9dicale (AAHP)<\/a><\/p><p><a href=\"http:\/\/www.medicaldosimetry.org\/\">Association Am\u00e9ricaine des Dosim\u00e9tristes M\u00e9dicaux (AAMD)<\/a><\/p><p><a href=\"http:\/\/www.ahraonline.org\/\">Association Am\u00e9ricaine de Gestion de l&rsquo;Imagerie M\u00e9dicale (AHRA)<\/a><\/p><p><a href=\"http:\/\/www.ampi.org.in\/\">Association Am\u00e9ricaine des Physiciens M\u00e9dicaux de l&rsquo;Inde (AMPI)<\/a><\/p><p><a href=\"https:\/\/www.aapm.org\/default.asp\">Association Am\u00e9ricaine des Physiciens en M\u00e9decine (AAPM)<\/a><\/p><p><a href=\"http:\/\/www.americanbrachytherapy.org\/\">Soci\u00e9t\u00e9 Am\u00e9ricaine de Brachyth\u00e9rapie (ABS)<\/a><\/p><p><a href=\"http:\/\/www.cancer.org\/\">Soci\u00e9t\u00e9 Am\u00e9ricaine du Cancer (ACS)<\/a><\/p><p><a href=\"https:\/\/www.ache.org\/\">Coll\u00e8ge Am\u00e9ricain des Cadres de Sant\u00e9 (ACHE)<\/a><\/p><p><a href=\"http:\/\/www.acr.org\/\">Coll\u00e8ge Am\u00e9ricain de Radiologie (ACR)<\/a><\/p><p><a href=\"http:\/\/www.acro.org\/\">Coll\u00e8ge Am\u00e9ricain d&rsquo;Oncologie Radioth\u00e9rapeutique (ACRO)<\/a><\/p><p><a href=\"http:\/\/www.aicr.org\/\">Institut Am\u00e9ricain de Recherche sur le Cancer (AICR)<\/a><\/p><p><a href=\"http:\/\/www.ama-assn.org\/\">Association M\u00e9dicale Am\u00e9ricaine (AMA)<\/a><\/p><p><a href=\"http:\/\/www.arrt.org\/\">Registre Am\u00e9ricain des Technologues Radiologiques (ARRT)<\/a><\/p><p><a href=\"http:\/\/www.arrs.org\/\">Soci\u00e9t\u00e9 Am\u00e9ricaine de Rayons Roentgen (ARRS)<\/a><\/p><p><a href=\"http:\/\/www.asco.org\/\">Soci\u00e9t\u00e9 Am\u00e9ricaine d&rsquo;Oncologie Clinique (ASCO)<\/a><\/p><p><a href=\"http:\/\/www.astro.org\/\">Soci\u00e9t\u00e9 Am\u00e9ricaine d&rsquo;Oncologie Radioth\u00e9rapeutique (ASTRO)<\/a><\/p><p><a href=\"http:\/\/www.asrt.org\/\">Association Am\u00e9ricaine des Technologues Radiologiques (ASRT)<\/a><\/p><p><a href=\"http:\/\/accc-cancer.org\/\">Association des Centres Communautaires de Canc\u00e9rologie (ACCC)<\/a><\/p><p><a href=\"https:\/\/afroc.org\/\">Association des Centres de Radioth\u00e9rapie Ind\u00e9pendants (AFROC)<\/a><\/p><p><a href=\"http:\/\/www.acpsem.org.au\/\">Coll\u00e8ge Australasien des Scientifiques Physiques et Ing\u00e9nieurs en M\u00e9decine (ACPSEM)<\/a><\/p><p><a href=\"http:\/\/qualitysafety.bmj.com\/\">BMJ Qualit\u00e9 &amp; S\u00e9curit\u00e9 (BMJ)<\/a><\/p><p><a href=\"http:\/\/www.bir.org.uk\/\">Institut Britannique de Radiologie (BIR)<\/a><\/p><p><a href=\"http:\/\/www.camrt.ca\/\">Association Canadienne des Technologues en Radiation M\u00e9dicale (CAMRT)<\/a><\/p><p><a href=\"https:\/\/ccpm.ca\/\">Coll\u00e8ge Canadien des Physiciens en M\u00e9decine (CCPM)<\/a><\/p><p><a href=\"http:\/\/www.crcpd.org\/\">Conf\u00e9rence des Directeurs de Programmes de Contr\u00f4le des Radiations (CRCPD)<\/a><\/p><p><a href=\"http:\/\/cirms.org\/\">Conseil sur les Mesures et Normes de Radiation Ionisante (CIRMS)<\/a><\/p><p><a href=\"https:\/\/ecog-acrin.org\/\">Groupe de Recherche sur le Cancer ECOG-ACRIN<\/a><\/p><p><a href=\"http:\/\/www.eortc.be\/\">Organisation Europ\u00e9enne pour la Recherche et le Traitement du Cancer (EORTC)<\/a><\/p><p><a href=\"http:\/\/www.efomp.org\/\">F\u00e9d\u00e9ration Europ\u00e9enne des Organisations pour la Physique M\u00e9dicale (EFOMP)<\/a><\/p><p><a href=\"http:\/\/estro.org\/\">Soci\u00e9t\u00e9 Europ\u00e9enne de Radioth\u00e9rapie et d&rsquo;Oncologie (ESTRO)<\/a><\/p>\t\t\t\t\t\t\t\t<\/div>\n\t\t\t\t<\/div>\n\t\t\t\t\t<\/div>\n\t\t<\/div>\n\t\t\t\t<div class=\"elementor-column elementor-col-50 elementor-top-column elementor-element elementor-element-6627abf\" data-id=\"6627abf\" data-element_type=\"column\" data-e-type=\"column\">\n\t\t\t<div class=\"elementor-widget-wrap elementor-element-populated\">\n\t\t\t\t\t\t<div class=\"elementor-element elementor-element-3656ac5 elementor-widget elementor-widget-text-editor\" data-id=\"3656ac5\" data-element_type=\"widget\" data-e-type=\"widget\" data-widget_type=\"text-editor.default\">\n\t\t\t\t<div class=\"elementor-widget-container\">\n\t\t\t\t\t\t\t\t\t<p><a href=\"http:\/\/www.hps.org\/\">Soci\u00e9t\u00e9 de Physique M\u00e9dicale (HPS)<\/a><\/p><p><a href=\"https:\/\/www.gov.uk\/guidance\/radiation-products-and-services\">GOV.UK (Radiation : Produits &amp; Services)<\/a><\/p><p><a href=\"https:\/\/www.gov.uk\/government\/organisations\/medicines-and-healthcare-products-regulatory-agency\">GOV.UK (M\u00e9decine &amp; Produits de Sant\u00e9)<\/a><\/p><p><a href=\"http:\/\/www.fda.gov\/\">Administration des M\u00e9dicaments et des Aliments des \u00c9tats-Unis (FDA)<\/a><\/p><p><a href=\"http:\/\/www.nrc.gov\/\">Commission de R\u00e9glementation Nucl\u00e9aire des \u00c9tats-Unis (NRC)<\/a><\/p><p><a href=\"https:\/\/www.ihi.org\/\">Institut pour l&rsquo;Am\u00e9lioration des Soins de Sant\u00e9<\/a><\/p><p><a href=\"http:\/\/www.ipem.ac.uk\/\">Institut de Physique et d&rsquo;Ing\u00e9nierie en M\u00e9decine (IPEM)<\/a><\/p><p><a href=\"http:\/\/www.iaea.org\/\">Agence Internationale de l&rsquo;\u00c9nergie Atomique (IAEA)<\/a><\/p><p><a href=\"http:\/\/www.icrp.org\/\">Commission Internationale de Protection Radiologique (ICRP)<\/a><\/p><p><a href=\"http:\/\/www.icru.org\/\">Commission Internationale sur les Unit\u00e9s et Mesures en Radiologie (ICRU)<\/a><\/p><p><a href=\"http:\/\/www.iomp.org\/\">Organisation Internationale de Physique M\u00e9dicale (IOMP)<\/a><\/p><p><a href=\"http:\/\/www.irpa.net\/\">Association Internationale de Protection contre les Radiations (IRPA)<\/a><\/p><p><a href=\"http:\/\/www.nashp.org\/\">Acad\u00e9mie Nationale de Politique de Sant\u00e9 des \u00c9tats (NASHP)<\/a><\/p><p><a href=\"http:\/\/www.nccn.org\/\">R\u00e9seau National Complet du Cancer (NCCN)<\/a><\/p><p><a href=\"https:\/\/www.npsa.org.uk\/\">Agence nationale pour la s\u00e9curit\u00e9 des patients (NPSA)<\/a><\/p><p><a href=\"https:\/\/nmtcb.org\/\">Conseil de certification de la technologie de la m\u00e9decine nucl\u00e9aire (NMTCB)<\/a><\/p><p><a href=\"http:\/\/www.ons.org\/\">Soci\u00e9t\u00e9 des infirmi\u00e8res en oncologie (ONS)<\/a><\/p><p><a href=\"https:\/\/relir.cepn.asso.fr\/en\/\">Relir Othea<\/a><\/p><p><a href=\"http:\/\/patientsafetyauthority.org\/\">Agence de S\u00e9curit\u00e9 des Patients &#8211; Commonwealth de Pennsylvanie (PSA)<\/a><\/p><p><a href=\"http:\/\/www.rbma.org\/\">Association de Gestion des Affaires de la Radiologie (RBMA)<\/a><\/p><p><a href=\"https:\/\/irochouston.mdanderson.org\/RQALab\/pagerequest.htm\">Centre de Physique Radiologique (RPC)<\/a><\/p><p><a href=\"http:\/\/www.rsna.org\/\">Soci\u00e9t\u00e9 Radiologique d&rsquo;Am\u00e9rique du Nord (RSNA)<\/a><\/p><p><a href=\"http:\/\/www.rtog.org\/\">Groupe de Radioth\u00e9rapie Oncologique (RTOG)<\/a><\/p><p><a href=\"https:\/\/therss.org\/\">Soci\u00e9t\u00e9 de Radiochirurgie (RSS)<\/a><\/p><p><a href=\"http:\/\/www.rcr.ac.uk\/\">Coll\u00e8ge Royal des Radiologistes (RCR)<\/a><\/p><p><a href=\"http:\/\/www.scvir.org\/\">Soci\u00e9t\u00e9 de Radiologie Interventionnelle (SIR)<\/a><\/p><p><a href=\"https:\/\/www.snmmi.org\/\">Soci\u00e9t\u00e9 de M\u00e9decine Nucl\u00e9aire et d&rsquo;Imagerie Mol\u00e9culaire (SNMMI)<\/a><\/p><p><a href=\"http:\/\/www.sroa.org\/\">Association des Administrateurs en Radioth\u00e9rapie (SROA)<\/a><\/p><p><a href=\"http:\/\/www.jointcommission.org\/\">La Commission Mixte (JCAHO)<\/a><\/p><p><a href=\"http:\/\/www.leapfroggroup.org\/\">Le Groupe Leapfrog (TLFG)<\/a><\/p><p><a href=\"http:\/\/www.unscear.org\/\">Comit\u00e9 Scientifique des Nations Unies sur les Effets des Radiations Atomiques (UNSCEAR)<\/a><\/p><p><a href=\"https:\/\/www.who.int\/\">Organisation Mondiale de la Sant\u00e9 (OMS)<\/a><\/p>\t\t\t\t\t\t\t\t<\/div>\n\t\t\t\t<\/div>\n\t\t\t\t\t<\/div>\n\t\t<\/div>\n\t\t\t\t\t<\/div>\n\t\t<\/section>\n\t\t\t\t<section class=\"elementor-section elementor-top-section elementor-element elementor-element-f4a20cc elementor-section-boxed elementor-section-height-default elementor-section-height-default\" data-id=\"f4a20cc\" data-element_type=\"section\" data-e-type=\"section\">\n\t\t\t\t\t\t<div class=\"elementor-container elementor-column-gap-default\">\n\t\t\t\t\t<div class=\"elementor-column elementor-col-100 elementor-top-column elementor-element elementor-element-2d120fe\" data-id=\"2d120fe\" data-element_type=\"column\" data-e-type=\"column\">\n\t\t\t<div class=\"elementor-widget-wrap elementor-element-populated\">\n\t\t\t\t\t\t<div class=\"elementor-element elementor-element-34bfc08 elementor-widget__width-initial elementor-widget elementor-widget-text-editor\" data-id=\"34bfc08\" data-element_type=\"widget\" data-e-type=\"widget\" data-widget_type=\"text-editor.default\">\n\t\t\t\t<div class=\"elementor-widget-container\">\n\t\t\t\t\t\t\t\t\t<p>Veuillez Nous <a href=\"https:\/\/radphysics.com\/fr\/nous-contacter\/\">Contacter<\/a> pour toute Question.<\/p>\t\t\t\t\t\t\t\t<\/div>\n\t\t\t\t<\/div>\n\t\t\t\t\t<\/div>\n\t\t<\/div>\n\t\t\t\t\t<\/div>\n\t\t<\/section>\n\t\t\t\t<\/div>\n\t\t","protected":false},"excerpt":{"rendered":"<p>Accueil Ressources \/ Liens RESSOURCES \/ LIENS Agence pour la Recherche et la Qualit\u00e9 des Soins de Sant\u00e9 (AHRQ) Acad\u00e9mie Am\u00e9ricaine de Physique M\u00e9dicale (AAHP) Association Am\u00e9ricaine des Dosim\u00e9tristes M\u00e9dicaux (AAMD) Association Am\u00e9ricaine de Gestion de l&rsquo;Imagerie M\u00e9dicale (AHRA) Association Am\u00e9ricaine des Physiciens M\u00e9dicaux de l&rsquo;Inde (AMPI) Association Am\u00e9ricaine des Physiciens en M\u00e9decine (AAPM) Soci\u00e9t\u00e9 [&hellip;]<\/p>\n","protected":false},"author":1,"featured_media":0,"parent":0,"menu_order":0,"comment_status":"closed","ping_status":"closed","template":"elementor_header_footer","meta":{"_acf_changed":false,"_seopress_robots_primary_cat":"","_seopress_titles_title":"","_seopress_titles_desc":"","_seopress_robots_index":"","footnotes":""},"class_list":["post-1867","page","type-page","status-publish","hentry"],"acf":[],"_links":{"self":[{"href":"https:\/\/radphysics.com\/fr\/wp-json\/wp\/v2\/pages\/1867","targetHints":{"allow":["GET"]}}],"collection":[{"href":"https:\/\/radphysics.com\/fr\/wp-json\/wp\/v2\/pages"}],"about":[{"href":"https:\/\/radphysics.com\/fr\/wp-json\/wp\/v2\/types\/page"}],"author":[{"embeddable":true,"href":"https:\/\/radphysics.com\/fr\/wp-json\/wp\/v2\/users\/1"}],"replies":[{"embeddable":true,"href":"https:\/\/radphysics.com\/fr\/wp-json\/wp\/v2\/comments?post=1867"}],"version-history":[{"count":5,"href":"https:\/\/radphysics.com\/fr\/wp-json\/wp\/v2\/pages\/1867\/revisions"}],"predecessor-version":[{"id":5686,"href":"https:\/\/radphysics.com\/fr\/wp-json\/wp\/v2\/pages\/1867\/revisions\/5686"}],"wp:attachment":[{"href":"https:\/\/radphysics.com\/fr\/wp-json\/wp\/v2\/media?parent=1867"}],"curies":[{"name":"wp","href":"https:\/\/api.w.org\/{rel}","templated":true}]}}