{"id":1823,"date":"2023-06-14T08:46:46","date_gmt":"2023-06-14T08:46:46","guid":{"rendered":"https:\/\/radphysics.com\/publications-de-radphysics\/"},"modified":"2024-03-16T08:37:38","modified_gmt":"2024-03-16T08:37:38","slug":"publications-de-radphysics","status":"publish","type":"page","link":"https:\/\/radphysics.com\/fr\/publications-de-radphysics\/","title":{"rendered":"Publications de RadPhysics"},"content":{"rendered":"\t\t<div data-elementor-type=\"wp-page\" data-elementor-id=\"1823\" class=\"elementor elementor-1823 elementor-680\" data-elementor-post-type=\"page\">\n\t\t\t\t\t\t<section class=\"elementor-section elementor-top-section elementor-element elementor-element-9ae5c3b elementor-section-boxed elementor-section-height-default elementor-section-height-default\" data-id=\"9ae5c3b\" data-element_type=\"section\" data-e-type=\"section\" data-settings=\"{&quot;background_background&quot;:&quot;classic&quot;}\">\n\t\t\t\t\t\t<div class=\"elementor-container elementor-column-gap-default\">\n\t\t\t\t\t<div class=\"elementor-column elementor-col-100 elementor-top-column elementor-element elementor-element-174646f\" data-id=\"174646f\" data-element_type=\"column\" data-e-type=\"column\">\n\t\t\t<div class=\"elementor-widget-wrap elementor-element-populated\">\n\t\t\t\t\t\t<div class=\"elementor-element elementor-element-b475da7 elementor-widget elementor-widget-heading\" data-id=\"b475da7\" data-element_type=\"widget\" data-e-type=\"widget\" data-widget_type=\"heading.default\">\n\t\t\t\t<div class=\"elementor-widget-container\">\n\t\t\t\t\t<h1 class=\"elementor-heading-title elementor-size-default\">PUBLICATIONS DE RADPHYSICS<\/h1>\t\t\t\t<\/div>\n\t\t\t\t<\/div>\n\t\t\t\t\t<\/div>\n\t\t<\/div>\n\t\t\t\t\t<\/div>\n\t\t<\/section>\n\t\t\t\t<section class=\"elementor-section elementor-top-section elementor-element elementor-element-f98792d elementor-section-boxed elementor-section-height-default elementor-section-height-default\" data-id=\"f98792d\" data-element_type=\"section\" data-e-type=\"section\">\n\t\t\t\t\t\t<div class=\"elementor-container elementor-column-gap-default\">\n\t\t\t\t\t<div class=\"elementor-column elementor-col-100 elementor-top-column elementor-element elementor-element-d7cd8e1\" data-id=\"d7cd8e1\" data-element_type=\"column\" data-e-type=\"column\">\n\t\t\t<div class=\"elementor-widget-wrap elementor-element-populated\">\n\t\t\t\t\t\t<div class=\"elementor-element elementor-element-86ccbd5 elementor-widget elementor-widget-text-editor\" data-id=\"86ccbd5\" data-element_type=\"widget\" data-e-type=\"widget\" data-widget_type=\"text-editor.default\">\n\t\t\t\t<div class=\"elementor-widget-container\">\n\t\t\t\t\t\t\t\t\t<ul><li>I. GANGULY, G. BUHRMAN, S. MUN, E. KLINE, S. SENGUPTA, <strong>LABELLISATION AUTOMATIS\u00c9E DES ERREURS EN RADIO-ONCOLOGIE PAR TRAITEMENT DE LANGAGE NATUREL STATISTIQUE<\/strong>, ACCEPT\u00c9 POUR PUBLICATION CHEZ MDPI (REVUE AVEC COMIT\u00c9 DE LECTURE) LE 15 MARS 2023.<\/li><li>E.B. KLINE, S. SENGUPTA, ET. AL., INTELLIGENCE ARTIFICIELLE EN RADIO-ONCOLOGIE, CHAPITRE 11 \u2013 <strong>COMMENT L&rsquo;IA PEUT-ELLE NOUS AIDER \u00c0 COMPRENDRE ET \u00c0 ATT\u00c9NUER LA PROPAGATION DES ERREURS EN RADIO-ONCOLOGIE<\/strong>, \u00c9DITEURS SCIENTIFIQUES MONDIAUX, HACKENSACK, NJ, JANVIER 2023.<\/li><li>E.B. KLINE, ET. AL., INTERNATIONAL JOURNAL OF RADIATION ONCOLOGYBIOLOGYPHYSICS, ACTES DE LA SOCI\u00c9T\u00c9 AM\u00c9RICAINE DE RADIOTH\u00c9RAPIE ET D&rsquo;ONCOLOGIE TH\u00c9RAPEUTIQUE : 24 OCTOBRE 2020 \u2013 28 OCTOBRE 2020, <strong>R\u00c9SULTATS D&rsquo;UN PROGRAMME DE GESTION DES RISQUES DANS PLUSIEURS CENTRES DE RADIOTH\u00c9RAPIE<\/strong>, VOLUME 108, NUM\u00c9RO 3, SUPPL\u00c9MENT S1-S192, NOVEMBRE 2020, R\u00c9SUM\u00c9 2470, E209-E210.<\/li><li>E.B. KLINE, ASSOCIATION DES CENTRES DE CANC\u00c9ROLOGIE COMMUNAUTAIRE (ACCC) \u2013 R\u00c9UNION ANNUELLE ET SOMMET DES AFFAIRES DES CENTRES DE CANC\u00c9ROLOGIE : PR\u00c9-CONF\u00c9RENCE DE <strong>RADIOTH\u00c9RAPIE, STRAT\u00c9GIES DE R\u00c9DUCTION DES RISQUES POUR LA RADIOTH\u00c9RAPIE<\/strong>, <a href=\"https:\/\/www.accc-cancer.org\/ACCCBUZZ.COM\">WWW.ACCC-CANCER.ORG\/ACCCBUZZ.COM<\/a>, 7 MARS 2020.<\/li><li>E.B. KLINE, ASSOCIATION DES CENTRES DE CANC\u00c9ROLOGIE COMMUNAUTAIRE (ACCC) \u2013 R\u00c9UNION ANNUELLE ET SOMMET DES AFFAIRES DES CENTRES DE CANC\u00c9ROLOGIE : PR\u00c9-CONF\u00c9RENCE DE <strong>RADIOTH\u00c9RAPIE, STRAT\u00c9GIES DE R\u00c9DUCTION DES RISQUES POUR LES PROGRAMMES DE RADIOTH\u00c9RAPIE<\/strong>, R\u00c9SUM\u00c9, WASHINGTON, DC, 4 MARS 2020.<\/li><li>E.B. KLINE, CONF\u00c9RENCE ANNUELLE INTERNATIONALE \u2013 ACADEMY OF MEDICAL ADMINISTRATORS, <strong>GESTION DES RISQUES EN RADIOTH\u00c9RAPIE<\/strong>, R\u00c9SUM\u00c9, LAS VEGAS, NV, 20 SEPTEMBRE 2016.<\/li><li>E.B. KLINE, CONF\u00c9RENCE ANNUELLE \u2013 ACADEMY OF MEDICAL ADMINISTRATORS, <strong>LOGICIEL DE R\u00c9DUCTION DES ERREURS EN RADIOTH\u00c9RAPIE<\/strong>, R\u00c9SUM\u00c9, CLEARWATER, FL, 18 NOVEMBRE 2010.<\/li><li>E.B. KLINE, J.W. SWEET, INTERNATIONAL JOURNAL OF RADIATION ONCOLOGYBIOLOGYPHYSICS, ACTES DE LA SOCI\u00c9T\u00c9 AM\u00c9RICAINE DE RADIOTH\u00c9RAPIE ET D&rsquo;ONCOLOGIE TH\u00c9RAPEUTIQUE, 52E R\u00c9UNION ANNUELLE, <strong>MOD\u00c8LE DE R\u00c9DUCTION DES ERREURS EN RADIOTH\u00c9RAPIE<\/strong>, VOLUME 78, NUM\u00c9RO 3, SUPPL\u00c9MENT, NOVEMBRE 2010, PAGE S574.<\/li><li>J.W. SWEET, E.B. KLINE, 52E R\u00c9UNION ANNUELLE \u2013 SOCI\u00c9T\u00c9 AM\u00c9RICAINE DE RADIOTH\u00c9RAPIE ET D&rsquo;ONCOLOGIE TH\u00c9RAPEUTIQUE, <strong>MOD\u00c8LE DE R\u00c9DUCTION DES ERREURS EN RADIOTH\u00c9RAPIE :<\/strong> R\u00c9SUM\u00c9 ET AFFICHE, SAN DIEGO, CA, 2 NOVEMBRE 2010.<\/li><li>E.B. KLINE, 26E R\u00c9UNION ANNUELLE \u2013 SOCI\u00c9T\u00c9 DES ADMINISTRATEURS EN RADIOTH\u00c9RAPIE, <strong>PROGRAMME DE R\u00c9DUCTION DES ERREURS EN RADIOTH\u00c9RAPIE : EXP\u00c9RIENCE AVEC UN OUTIL LOGICIEL DANS PLUSIEURS CENTRES DE CANCER<\/strong>, R\u00c9SUM\u00c9 ET R\u00c9SULTATS PUBLI\u00c9S, SAN DIEGO, CA, 2 NOVEMBRE 2010.<\/li><li>E.B. KLINE, P.S. STAFFORD, INTERNATIONAL JOURNAL OF RADIATION ONCOLOGYBIOLOGYPHYSICS, ACTES DE LA SOCI\u00c9T\u00c9 AM\u00c9RICAINE DE RADIOTH\u00c9RAPIE ET D&rsquo;ONCOLOGIE TH\u00c9RAPEUTIQUE, 50E R\u00c9UNION ANNUELLE, <strong>R\u00c9SULTATS CLINIQUES D&rsquo;UN PROGRAMME LOGICIEL DE R\u00c9DUCTION DES ERREURS\/CONFORMIT\u00c9 EN RADIOTH\u00c9RAPIE<\/strong>, VOLUME 72, NUM\u00c9RO 1, SUPPL\u00c9MENT 1, SEPTEMBRE 2008, PAGE S667.<\/li><li>E.B. KLINE, 50E R\u00c9UNION ANNUELLE \u2013 SOCI\u00c9T\u00c9 AM\u00c9RICAINE DE RADIOTH\u00c9RAPIE ET D&rsquo;ONCOLOGIE TH\u00c9RAPEUTIQUE : <strong>R\u00c9SULTATS CLINIQUES D&rsquo;UN PROGRAMME LOGICIEL DE R\u00c9DUCTION DES ERREURS\/CONFORMIT\u00c9 EN RADIOTH\u00c9RAPIE<\/strong>, R\u00c9SUM\u00c9 ET AFFICHE, BOSTON, MA, 23 SEPTEMBRE 2008.<\/li><li>E.B. KLINE, 25E R\u00c9UNION ANNUELLE \u2013 SOCI\u00c9T\u00c9 DES ADMINISTRATEURS EN RADIOTH\u00c9RAPIE, <strong>R\u00c9SULTATS CLINIQUES D&rsquo;UN PROGRAMME LOGICIEL DE R\u00c9DUCTION DES ERREURS\/CONFORMIT\u00c9 EN RADIOTH\u00c9RAPIE<\/strong>, R\u00c9SUM\u00c9 ET R\u00c9SULTATS PUBLI\u00c9S, CAMBRIDGE, MA, 23 SEPTEMBRE 2008.<\/li><li>E.B. KLINE, 24E R\u00c9UNION ANNUELLE \u2013 SOCI\u00c9T\u00c9 DES ADMINISTRATEURS EN RADIOTH\u00c9RAPIE, <strong>R\u00c9SULTATS CLINIQUES D&rsquo;UN PROGRAMME LOGICIEL DE R\u00c9DUCTION DES ERREURS EN RADIOTH\u00c9RAPIE<\/strong>, R\u00c9SUM\u00c9 ET R\u00c9SULTATS PUBLI\u00c9S, PHILADELPHIE, PA, 7 NOVEMBRE 2006.<\/li><li>E.B. KLINE, ASRT SCANNER, <strong>RADIOSURGERIE CORPORELLE ST\u00c9R\u00c9OTAXIQUE<\/strong>, AMERICAN SOCIETY OF RADIOLOGIC TECHNOLOGISTS, ALBUQUERQUE, NM, VOLUME 38, N\u00b0 10, JUILLET 2006.<\/li><li>E.B. KLINE, 23E R\u00c9UNION ANNUELLE \u2013 SOCI\u00c9T\u00c9 DES ADMINISTRATEURS EN RADIOTH\u00c9RAPIE, <strong>DEUX MOD\u00c8LES DE PROGRAMMES DE R\u00c9DUCTION DES ERREURS M\u00c9DICALES EN RADIOTH\u00c9RAPIE<\/strong>, R\u00c9SUM\u00c9 ET R\u00c9SULTATS PUBLI\u00c9S, DENVER, CO, 17 OCTOBRE 2005.<\/li><li>E.B. KLINE, R\u00c9PERTOIRE DES MEMBRES ET MANUEL DE L&rsquo;AMERICAN COLLEGE OF MEDICAL PHYSICS, <strong>D\u00c9CLARATION DE POLITIQUE \u2013 R\u00c9DUCTION DES ERREURS M\u00c9DICALES<\/strong>, AMERICAN COLLEGE OF MEDICAL PHYSICS, RESTON, VA, JUILLET 2005.<\/li><li>E.B. KLINE, INFOLETTRE DE L&rsquo;AMERICAN COLLEGE OF MEDICAL PHYSICS, <strong>COMIT\u00c9 DES AFFAIRES GOUVERNEMENTALES \u2013 R\u00c9DUCTION DES ERREURS M\u00c9DICALES<\/strong>, AMERICAN COLLEGE OF MEDICAL PHYSICS, RESTON, VA, F\u00c9VRIER 2005.<\/li><li>E.B. KLINE, INFOLETTRE DE L&rsquo;AMERICAN COLLEGE OF MEDICAL PHYSICS, <strong>RAPPORT DU COMIT\u00c9 DES AFFAIRES GOUVERNEMENTALES<\/strong>, AMERICAN COLLEGE OF MEDICAL PHYSICS, RESTON, VA, SEPTEMBRE 2004.<\/li><li>E.B. KLINE, INFOLETTRE DE L&rsquo;AMERICAN COLLEGE OF MEDICAL PHYSICS, <strong>COMIT\u00c9 DES AFFAIRES GOUVERNEMENTALES<\/strong>, AMERICAN COLLEGE OF MEDICAL PHYSICS, RESTON, VA, SEPTEMBRE 2003.<\/li><li>E.B. KLINE, P.S. STAFFORD, ADVANCE FOR IMAGING AND ONCOLOGY ADMINISTRATORS, <strong>CON\u00c7U POUR DURER<\/strong>, MERION PUBLISHING INC: KING OF PRUSSIA, PA, VOL. 13, N\u00b0 7, JUILLET 2003.<\/li><li>E.B. KLINE, INFOLETTRE DE L&rsquo;AMERICAN COLLEGE OF MEDICAL PHYSICS, <strong>COMIT\u00c9 DES AFFAIRES GOUVERNEMENTALES<\/strong>, AMERICAN COLLEGE OF MEDICAL PHYSICS, RESTON, VA, JANVIER 2003.<\/li><li>E.B. KLINE, INFOLETTRE DE L&rsquo;AMERICAN COLLEGE OF MEDICAL PHYSICS, <strong>COMIT\u00c9 DES AFFAIRES GOUVERNEMENTALES<\/strong>, AMERICAN COLLEGE OF MEDICAL PHYSICS, RESTON, VA, JUILLET 2002.<\/li><li>E.B. KLINE, INFOLETTRE DE L&rsquo;AMERICAN COLLEGE OF MEDICAL PHYSICS, <strong>COIN R\u00c9GLEMENTAIRE<\/strong>, AMERICAN COLLEGE OF MEDICAL PHYSICS, RESTON, VA, MAI 2002.<\/li><li>E.B. KLINE, CHURCHILL UPDATE, <strong>PROCESSUS D&rsquo;ACCREDITATION DE L&rsquo;ACR \u2013 PARTIE III : NORMES DE L&rsquo;ACR POUR LA RADIOTH\u00c9RAPIE<\/strong>, CHURCHILL CONSULTING, INC., KILLINGWORTH, CT, VOL. # 4, NUM\u00c9RO 40, JUIN-JUILLET 2002.<\/li><li>E.B. KLINE, CHURCHILL UPDATE, <strong>PROCESSUS D&rsquo;ACCREDITATION DE L&rsquo;ACR \u2013 PARTIE II : \u00c9LIGIBILIT\u00c9<\/strong>, CHURCHILL CONSULTING, INC., KILLINGWORTH, CT, VOL. # 3, NUM\u00c9RO 39, MARS-MAI 2002.<\/li><li>E.B. KLINE, CHURCHILL UPDATE, <strong>PROCESSUS D&rsquo;ACCREDITATION DE L&rsquo;ACR \u2013 PARTIE I : HISTORIQUE<\/strong>, CHURCHILL CONSULTING, INC., KILLINGWORTH, CT, VOL. # 2, NUM\u00c9RO 38, F\u00c9VRIER 2002.<\/li><li>E.B. KLINE, <strong>SUIVI DE LA RADIOCHIRURGIE \u2013 R\u00c9DUCTION DES ERREURS AVEC PASSION<\/strong>, MAGAZINE HIGHLIGHTS, WELLSPAN HEALTH, YORK, PA, 28 MAI 2001.<\/li><li>E.B. KLINE, CHURCHILL UPDATE, <strong>PROCESSUS D&rsquo;APPLICATION DE LA R\u00c9GLEMENTATION \u2013 PARTIE IV : COMMENT EFFECTUER UN AUDIT INTERNE (CONTINUED)-SECTION III ?<\/strong>, CHURCHILL CONSULTING, INC., KILLINGWORTH, CT, VOL. # 3, MARS-AVRIL 2000.<\/li><li>E.B. KLINE, CHURCHILL UPDATE, <strong>PROCESSUS D&rsquo;APPLICATION DE LA R\u00c9GLEMENTATION \u2013 PARTIE IV : COMMENT EFFECTUER UN AUDIT INTERNE (CONTINUED)-SECTION II ?<\/strong>, CHURCHILL CONSULTING, INC., KILLINGWORTH, CT, VOL. # 2, NUM\u00c9RO F\u00c9VRIER 2000.<\/li><li>E.B. KLINE, CHURCHILL UPDATE, <strong>PROCESSUS D&rsquo;APPLICATION DE LA R\u00c9GLEMENTATION \u2013 PARTIE III : COMMENT EFFECTUER UN AUDIT INTERNE-SECTION I ?<\/strong>, CHURCHILL CONSULTING, INC., KILLINGWORTH, CT, VOL. # 8, NUM\u00c9RO NOVEMBRE-D\u00c9CEMBRE 1999.<\/li><li>E.B. KLINE, CHURCHILL UPDATE, <strong>PROCESSUS D&rsquo;APPLICATION DE LA R\u00c9GLEMENTATION \u2013 PARTIE II : QU&rsquo;EST-CE QUE L&rsquo;ACTION DE CONTR\u00d4LE AMPLIFI\u00c9 ?<\/strong>, CHURCHILL CONSULTING, INC., KILLINGWORTH, CT, VOL. # 7, NUM\u00c9RO OCTOBRE 1999.<\/li><li>E.B. KLINE, CHURCHILL UPDATE, <strong>PROCESSUS D&rsquo;APPLICATION DE LA R\u00c9GLEMENTATION \u2013 PARTIE I : INTRODUCTION<\/strong>, CHURCHILL CONSULTING, INC., KILLINGWORTH, CT, VOL. # 6, NUM\u00c9RO AO\u00dbT-SEPTEMBRE 1999.<\/li><\/ul>\t\t\t\t\t\t\t\t<\/div>\n\t\t\t\t<\/div>\n\t\t\t\t\t<\/div>\n\t\t<\/div>\n\t\t\t\t\t<\/div>\n\t\t<\/section>\n\t\t\t\t<\/div>\n\t\t","protected":false},"excerpt":{"rendered":"<p>PUBLICATIONS DE RADPHYSICS I. GANGULY, G. BUHRMAN, S. MUN, E. KLINE, S. SENGUPTA, LABELLISATION AUTOMATIS\u00c9E DES ERREURS EN RADIO-ONCOLOGIE PAR TRAITEMENT DE LANGAGE NATUREL STATISTIQUE, ACCEPT\u00c9 POUR PUBLICATION CHEZ MDPI (REVUE AVEC COMIT\u00c9 DE LECTURE) LE 15 MARS 2023. E.B. KLINE, S. SENGUPTA, ET. AL., INTELLIGENCE ARTIFICIELLE EN RADIO-ONCOLOGIE, CHAPITRE 11 \u2013 COMMENT L&rsquo;IA PEUT-ELLE [&hellip;]<\/p>\n","protected":false},"author":1,"featured_media":0,"parent":0,"menu_order":0,"comment_status":"closed","ping_status":"closed","template":"elementor_header_footer","meta":{"_acf_changed":false,"_seopress_robots_primary_cat":"","_seopress_titles_title":"","_seopress_titles_desc":"","_seopress_robots_index":"","footnotes":""},"class_list":["post-1823","page","type-page","status-publish","hentry"],"acf":[],"_links":{"self":[{"href":"https:\/\/radphysics.com\/fr\/wp-json\/wp\/v2\/pages\/1823","targetHints":{"allow":["GET"]}}],"collection":[{"href":"https:\/\/radphysics.com\/fr\/wp-json\/wp\/v2\/pages"}],"about":[{"href":"https:\/\/radphysics.com\/fr\/wp-json\/wp\/v2\/types\/page"}],"author":[{"embeddable":true,"href":"https:\/\/radphysics.com\/fr\/wp-json\/wp\/v2\/users\/1"}],"replies":[{"embeddable":true,"href":"https:\/\/radphysics.com\/fr\/wp-json\/wp\/v2\/comments?post=1823"}],"version-history":[{"count":5,"href":"https:\/\/radphysics.com\/fr\/wp-json\/wp\/v2\/pages\/1823\/revisions"}],"predecessor-version":[{"id":6186,"href":"https:\/\/radphysics.com\/fr\/wp-json\/wp\/v2\/pages\/1823\/revisions\/6186"}],"wp:attachment":[{"href":"https:\/\/radphysics.com\/fr\/wp-json\/wp\/v2\/media?parent=1823"}],"curies":[{"name":"wp","href":"https:\/\/api.w.org\/{rel}","templated":true}]}}