{"id":2024,"date":"2023-06-26T13:13:18","date_gmt":"2023-06-26T13:13:18","guid":{"rendered":"https:\/\/radphysics.com\/recursos-enlaces\/"},"modified":"2024-03-05T10:19:18","modified_gmt":"2024-03-05T10:19:18","slug":"recursos-enlaces","status":"publish","type":"page","link":"https:\/\/radphysics.com\/es\/recursos-enlaces\/","title":{"rendered":"Recursos \/ Enlaces"},"content":{"rendered":"\t\t<div data-elementor-type=\"wp-page\" data-elementor-id=\"2024\" class=\"elementor elementor-2024 elementor-1038\" data-elementor-post-type=\"page\">\n\t\t\t\t\t\t<section class=\"elementor-section elementor-top-section elementor-element elementor-element-8545055 elementor-section-boxed elementor-section-height-default elementor-section-height-default\" data-id=\"8545055\" data-element_type=\"section\" data-e-type=\"section\" data-settings=\"{&quot;background_background&quot;:&quot;classic&quot;}\">\n\t\t\t\t\t\t\t<div class=\"elementor-background-overlay\"><\/div>\n\t\t\t\t\t\t\t<div class=\"elementor-container elementor-column-gap-default\">\n\t\t\t\t\t<div class=\"elementor-column elementor-col-100 elementor-top-column elementor-element elementor-element-a2246e2\" data-id=\"a2246e2\" data-element_type=\"column\" data-e-type=\"column\">\n\t\t\t<div class=\"elementor-widget-wrap elementor-element-populated\">\n\t\t\t\t\t\t<div class=\"elementor-element elementor-element-fcb239b elementor-icon-list--layout-inline elementor-list-item-link-full_width elementor-widget elementor-widget-icon-list\" data-id=\"fcb239b\" data-element_type=\"widget\" data-e-type=\"widget\" data-widget_type=\"icon-list.default\">\n\t\t\t\t<div class=\"elementor-widget-container\">\n\t\t\t\t\t\t\t<ul class=\"elementor-icon-list-items elementor-inline-items\">\n\t\t\t\t\t\t\t<li class=\"elementor-icon-list-item elementor-inline-item\">\n\t\t\t\t\t\t\t\t\t\t\t<a href=\"https:\/\/radphysics.com\/es\/\">\n\n\t\t\t\t\t\t\t\t\t\t\t<span class=\"elementor-icon-list-text\">Inicio<\/span>\n\t\t\t\t\t\t\t\t\t\t\t<\/a>\n\t\t\t\t\t\t\t\t\t<\/li>\n\t\t\t\t\t\t\t\t<li class=\"elementor-icon-list-item elementor-inline-item\">\n\t\t\t\t\t\t\t\t\t\t\t<a href=\"https:\/\/radphysics.com\/es\/recursos-enlaces\/\">\n\n\t\t\t\t\t\t\t\t\t\t\t\t<span class=\"elementor-icon-list-icon\">\n\t\t\t\t\t\t\t<i aria-hidden=\"true\" class=\"fas fa-caret-right\"><\/i>\t\t\t\t\t\t<\/span>\n\t\t\t\t\t\t\t\t\t\t<span class=\"elementor-icon-list-text\">Recursos \/ Enlaces<\/span>\n\t\t\t\t\t\t\t\t\t\t\t<\/a>\n\t\t\t\t\t\t\t\t\t<\/li>\n\t\t\t\t\t\t<\/ul>\n\t\t\t\t\t\t<\/div>\n\t\t\t\t<\/div>\n\t\t\t\t<div class=\"elementor-element elementor-element-4642683 elementor-widget elementor-widget-heading\" data-id=\"4642683\" data-element_type=\"widget\" data-e-type=\"widget\" data-widget_type=\"heading.default\">\n\t\t\t\t<div class=\"elementor-widget-container\">\n\t\t\t\t\t<h1 class=\"elementor-heading-title elementor-size-default\">RECURSOS \/ ENLACES<\/h1>\t\t\t\t<\/div>\n\t\t\t\t<\/div>\n\t\t\t\t\t<\/div>\n\t\t<\/div>\n\t\t\t\t\t<\/div>\n\t\t<\/section>\n\t\t\t\t<section class=\"elementor-section elementor-top-section elementor-element elementor-element-32565c9 elementor-section-boxed elementor-section-height-default elementor-section-height-default\" data-id=\"32565c9\" data-element_type=\"section\" data-e-type=\"section\">\n\t\t\t\t\t\t<div class=\"elementor-container elementor-column-gap-default\">\n\t\t\t\t\t<div class=\"elementor-column elementor-col-50 elementor-top-column elementor-element elementor-element-e4842aa\" data-id=\"e4842aa\" data-element_type=\"column\" data-e-type=\"column\">\n\t\t\t<div class=\"elementor-widget-wrap elementor-element-populated\">\n\t\t\t\t\t\t<div class=\"elementor-element elementor-element-7d72295 elementor-widget elementor-widget-text-editor\" data-id=\"7d72295\" data-element_type=\"widget\" data-e-type=\"widget\" data-widget_type=\"text-editor.default\">\n\t\t\t\t<div class=\"elementor-widget-container\">\n\t\t\t\t\t\t\t\t\t<p><a href=\"http:\/\/www.ahrq.gov\/\"><span style=\"font-weight: 400;\">Agencia para la Investigaci\u00f3n y Calidad en Salud (AHRQ)<\/span><\/a><\/p><p><a href=\"http:\/\/www.hps1.org\/aahp\/\"><span style=\"font-weight: 400;\">Academia Americana de F\u00edsica M\u00e9dica (AAHP)<\/span><\/a><\/p><p><a href=\"http:\/\/www.medicaldosimetry.org\/\"><span style=\"font-weight: 400;\">Asociaci\u00f3n Americana de Dosimetristas M\u00e9dicos (AAMD)<\/span><\/a><\/p><p><a href=\"http:\/\/www.ahraonline.org\/\"><span style=\"font-weight: 400;\">Asociaci\u00f3n Americana de Administraci\u00f3n de Im\u00e1genes M\u00e9dicas (AHRA)<\/span><\/a><\/p><p><a href=\"http:\/\/www.ampi.org.in\/\"><span style=\"font-weight: 400;\">Asociaci\u00f3n Americana de F\u00edsicos M\u00e9dicos de la India (AMPI)<\/span><\/a><\/p><p><a href=\"https:\/\/www.aapm.org\/default.asp\"><span style=\"font-weight: 400;\">Asociaci\u00f3n Americana de F\u00edsicos en Medicina (AAPM)<\/span><\/a><\/p><p><a href=\"http:\/\/www.americanbrachytherapy.org\/\"><span style=\"font-weight: 400;\">Sociedad Americana de Braquiterapia (ABS)<\/span><\/a><\/p><p><a href=\"http:\/\/www.cancer.org\/\"><span style=\"font-weight: 400;\">Sociedad Americana del C\u00e1ncer (ACS)<\/span><\/a><\/p><p><a href=\"https:\/\/www.ache.org\/\"><span style=\"font-weight: 400;\">Colegio Americano de Ejecutivos de Atenci\u00f3n M\u00e9dica<\/span><\/a><\/p><p><a href=\"http:\/\/www.acr.org\/\"><span style=\"font-weight: 400;\">Colegio Americano de Radiolog\u00eda (ACR)<\/span><\/a><\/p><p><a href=\"http:\/\/www.acro.org\/\"><span style=\"font-weight: 400;\">Colegio Americano de Oncolog\u00eda Radioter\u00e1pica (ACRO)<\/span><\/a><\/p><p><a href=\"http:\/\/www.aicr.org\/\"><span style=\"font-weight: 400;\">Instituto Americano para la Investigaci\u00f3n del C\u00e1ncer (AICR)<\/span><\/a><\/p><p><a href=\"http:\/\/www.ama-assn.org\/\"><span style=\"font-weight: 400;\">Asociaci\u00f3n M\u00e9dica Americana (AMA)<\/span><\/a><\/p><p><a href=\"http:\/\/www.arrt.org\/\"><span style=\"font-weight: 400;\">Registro Americano de Tecn\u00f3logos Radiol\u00f3gicos (ARRT)<\/span><\/a><\/p><p><a href=\"http:\/\/www.arrs.org\/\">S<span style=\"font-weight: 400;\">ociedad Americana de Rayos Roentgen (ARRS)<\/span><\/a><\/p><p><a href=\"http:\/\/www.asco.org\/\">S<span style=\"font-weight: 400;\">ociedad Americana de Oncolog\u00eda Cl\u00ednica (ASCO)<\/span><\/a><\/p><p><a href=\"http:\/\/www.astro.org\/\"><span style=\"font-weight: 400;\">Sociedad Americana de Radioterapia Oncol\u00f3gica (ASTRO)<\/span><\/a><\/p><p><a href=\"http:\/\/www.asrt.org\/\"><span style=\"font-weight: 400;\">Sociedad Americana de Tecn\u00f3logos Radiol\u00f3gicos (ASRT)<\/span><\/a><\/p><p><a href=\"http:\/\/accc-cancer.org\/\"><span style=\"font-weight: 400;\">Asociaci\u00f3n de Centros Comunitarios de C\u00e1ncer (ACCC)<\/span><\/a><\/p><p><a href=\"https:\/\/afroc.org\/\"><span style=\"font-weight: 400;\">Asociaci\u00f3n de Centros de Oncolog\u00eda Radioter\u00e1pica Independientes (AFROC)<\/span><\/a><\/p><p><a href=\"http:\/\/www.acpsem.org.au\/\"><span style=\"font-weight: 400;\">Colegio Australasian de Cient\u00edficos e Ingenieros F\u00edsicos en Medicina (ACPSEM)<\/span><\/a><\/p><p><a href=\"http:\/\/qualitysafety.bmj.com\/\"><span style=\"font-weight: 400;\">BMJ Calidad y Seguridad (BMJ)<\/span><\/a><\/p><p><a href=\"http:\/\/www.bir.org.uk\/\"><span style=\"font-weight: 400;\">Instituto Brit\u00e1nico de Radiolog\u00eda (BIR)<\/span><\/a><\/p><p><a href=\"http:\/\/www.camrt.ca\/\"><span style=\"font-weight: 400;\">Asociaci\u00f3n Canadiense de Tecn\u00f3logos en Radiaci\u00f3n M\u00e9dica (CAMRT)<\/span><\/a><\/p><p><a href=\"https:\/\/ccpm.ca\/\"><span style=\"font-weight: 400;\">Colegio Canadiense de F\u00edsicos en Medicina (CCPM)<\/span><\/a><\/p><p><a href=\"http:\/\/www.crcpd.org\/\"><span style=\"font-weight: 400;\">Conferencia de Directores de Programas de Control de Radiaci\u00f3n (CRCPD)<\/span><\/a><\/p><p><a href=\"http:\/\/cirms.org\/\"><span style=\"font-weight: 400;\">Consejo sobre Mediciones y Normas de Radiaci\u00f3n Ionizante (CIRMS)<\/span><\/a><\/p><p><a href=\"https:\/\/ecog-acrin.org\/\"><span style=\"font-weight: 400;\">Grupo de Investigaci\u00f3n en C\u00e1ncer ECOG-ACRIN<\/span><\/a><\/p><p><a href=\"http:\/\/www.eortc.be\/\"><span style=\"font-weight: 400;\">Organizaci\u00f3n Europea para la Investigaci\u00f3n y Tratamiento del C\u00e1ncer (EORTC)<\/span><\/a><\/p><p><a href=\"http:\/\/www.efomp.org\/\"><span style=\"font-weight: 400;\">Federaci\u00f3n Europea de Organizaciones para la F\u00edsica M\u00e9dica (EFOMP)<\/span><\/a><\/p><p><a href=\"http:\/\/estro.org\/\"><span style=\"font-weight: 400;\">Sociedad Europea de Radioterapia y Oncolog\u00eda Terap\u00e9utica (ESTRO)<\/span><\/a><\/p>\t\t\t\t\t\t\t\t<\/div>\n\t\t\t\t<\/div>\n\t\t\t\t\t<\/div>\n\t\t<\/div>\n\t\t\t\t<div class=\"elementor-column elementor-col-50 elementor-top-column elementor-element elementor-element-6627abf\" data-id=\"6627abf\" data-element_type=\"column\" data-e-type=\"column\">\n\t\t\t<div class=\"elementor-widget-wrap elementor-element-populated\">\n\t\t\t\t\t\t<div class=\"elementor-element elementor-element-3656ac5 elementor-widget elementor-widget-text-editor\" data-id=\"3656ac5\" data-element_type=\"widget\" data-e-type=\"widget\" data-widget_type=\"text-editor.default\">\n\t\t\t\t<div class=\"elementor-widget-container\">\n\t\t\t\t\t\t\t\t\t<p><a href=\"http:\/\/www.hps.org\/\"><span style=\"font-weight: 400;\">Sociedad de F\u00edsica M\u00e9dica (HPS)<\/span><\/a><\/p><p><a href=\"https:\/\/www.gov.uk\/guidance\/radiation-products-and-services\">G<span style=\"font-weight: 400;\">OV.UK (Radiaci\u00f3n: Productos y Servicios)<\/span><br \/><\/a><\/p><p><a href=\"http:\/\/www.fda.gov\/\"><span style=\"font-weight: 400;\">Administraci\u00f3n de Drogas y Alimentos de EE. UU. (FDA)<\/span><\/a><\/p><p><a href=\"http:\/\/www.nrc.gov\/\"><span style=\"font-weight: 400;\">Comisi\u00f3n Reguladora Nuclear de EE. UU. (NRC)<\/span><\/a><\/p><p><a href=\"https:\/\/www.ihi.org\/\"><span style=\"font-weight: 400;\">Instituto para la Mejora de la Atenci\u00f3n M\u00e9dica<\/span><\/a><\/p><p><a href=\"http:\/\/www.ipem.ac.uk\/\">I<span style=\"font-weight: 400;\">nstituto de F\u00edsica e Ingenier\u00eda en Medicina (IPEM)<\/span><\/a><\/p><p><a href=\"http:\/\/www.iaea.org\/\"><span style=\"font-weight: 400;\">Agencia Internacional de Energ\u00eda At\u00f3mica (IAEA)<\/span><\/a><\/p><p><a href=\"http:\/\/www.icrp.org\/\"><span style=\"font-weight: 400;\">Comisi\u00f3n Internacional de Protecci\u00f3n Radiol\u00f3gica (ICRP)<\/span><\/a><\/p><p><a href=\"http:\/\/www.icru.org\/\"><span style=\"font-weight: 400;\">Comisi\u00f3n Internacional de Unidades y Medidas Radiol\u00f3gicas (ICRU)<\/span><\/a><\/p><p><a href=\"http:\/\/www.iomp.org\/\">O<span style=\"font-weight: 400;\">rganizaci\u00f3n Internacional de F\u00edsica M\u00e9dica (IOMP)<\/span><\/a><\/p><p><a href=\"http:\/\/www.irpa.net\/\"><span style=\"font-weight: 400;\">Asociaci\u00f3n Internacional de Protecci\u00f3n Radiol\u00f3gica (IRPA)<\/span><\/a><\/p><p><a href=\"http:\/\/www.nashp.org\/\"><span style=\"font-weight: 400;\">Academia Nacional de Pol\u00edtica de Salud Estatal (NASHP)<\/span><\/a><\/p><p><a href=\"http:\/\/www.nccn.org\/\"><span style=\"font-weight: 400;\">Red Nacional Integral del C\u00e1ncer (NCCN)<\/span><\/a><\/p><p><a href=\"https:\/\/www.npsa.org.uk\/\"><span style=\"font-weight: 400;\">Agencia Nacional de Seguridad del Paciente (NPSA)<\/span><\/a><\/p><p><a href=\"https:\/\/nmtcb.org\/\"><span style=\"font-weight: 400;\">Junta de Certificaci\u00f3n de Tecnolog\u00eda en Medicina Nuclear (NMTCB)<\/span><\/a><\/p><p><a href=\"http:\/\/www.ons.org\/\"><span style=\"font-weight: 400;\">Sociedad de Enfermer\u00eda Oncol\u00f3gica (ONS)<\/span><\/a><\/p><p><a href=\"https:\/\/relir.cepn.asso.fr\/en\/\"><span style=\"font-weight: 400;\">Relir Othea<\/span><\/a><\/p><p><a href=\"http:\/\/patientsafetyauthority.org\/\"><span style=\"font-weight: 400;\">Autoridad de Seguridad del Paciente &#8211; Mancomunidad de Pensilvania (PSA)<\/span><\/a><\/p><p><a href=\"http:\/\/www.rbma.org\/\"><span style=\"font-weight: 400;\">Asociaci\u00f3n de Administraci\u00f3n de Negocios de Radiolog\u00eda (RBMA)<\/span><\/a><\/p><p><a href=\"https:\/\/irochouston.mdanderson.org\/RQALab\/pagerequest.htm\"><span style=\"font-weight: 400;\">Centro de F\u00edsica Radiol\u00f3gica (RPC)<\/span><\/a><\/p><p><a href=\"http:\/\/www.rsna.org\/\"><span style=\"font-weight: 400;\">Sociedad Radiol\u00f3gica de Am\u00e9rica del Norte (RSNA)<\/span><\/a><\/p><p><a href=\"http:\/\/www.rtog.org\/\"><span style=\"font-weight: 400;\">Grupo de Oncolog\u00eda Radioter\u00e1pica (RTOG)<\/span><\/a><\/p><p><a href=\"https:\/\/therss.org\/\"><span style=\"font-weight: 400;\">La Sociedad de Radiocirug\u00eda (RSS)<\/span><\/a><\/p><p><a href=\"http:\/\/www.rcr.ac.uk\/\"><span style=\"font-weight: 400;\">Real Colegio de Radi\u00f3logos (RCR)<\/span><\/a><\/p><p><a href=\"http:\/\/www.scvir.org\/\"><span style=\"font-weight: 400;\">Sociedad de Radiolog\u00eda Intervencionista (SIR)<\/span><\/a><\/p><p><a href=\"https:\/\/www.snmmi.org\/\"><span style=\"font-weight: 400;\">Sociedad de Medicina Nuclear e Im\u00e1genes Moleculares (SNMMI)<\/span><\/a><\/p><p><a href=\"http:\/\/www.sroa.org\/\"><span style=\"font-weight: 400;\">Sociedad de Administradores de Oncolog\u00eda Radioter\u00e1pica (SROA)<\/span><\/a><\/p><p><a href=\"http:\/\/www.jointcommission.org\/\"><span style=\"font-weight: 400;\">La Comisi\u00f3n Conjunta (JCAHO)<\/span><\/a><\/p><p><a href=\"http:\/\/www.leapfroggroup.org\/\"><span style=\"font-weight: 400;\">El Grupo Leapfrog (TLFG)<\/span><\/a><\/p><p><a href=\"http:\/\/www.unscear.org\/\"><span style=\"font-weight: 400;\">Comit\u00e9 Cient\u00edfico de las Naciones Unidas sobre los Efectos de la Radiaci\u00f3n At\u00f3mica (UNSCEAR)<\/span><\/a><\/p><p><a href=\"https:\/\/www.who.int\/\"><span style=\"font-weight: 400;\">Organizaci\u00f3n Mundial de la Salud (OMS)<\/span><\/a><\/p>\t\t\t\t\t\t\t\t<\/div>\n\t\t\t\t<\/div>\n\t\t\t\t\t<\/div>\n\t\t<\/div>\n\t\t\t\t\t<\/div>\n\t\t<\/section>\n\t\t\t\t<section class=\"elementor-section elementor-top-section elementor-element elementor-element-f4a20cc elementor-section-boxed elementor-section-height-default elementor-section-height-default\" data-id=\"f4a20cc\" data-element_type=\"section\" data-e-type=\"section\">\n\t\t\t\t\t\t<div class=\"elementor-container elementor-column-gap-default\">\n\t\t\t\t\t<div class=\"elementor-column elementor-col-100 elementor-top-column elementor-element elementor-element-2d120fe\" data-id=\"2d120fe\" data-element_type=\"column\" data-e-type=\"column\">\n\t\t\t<div class=\"elementor-widget-wrap elementor-element-populated\">\n\t\t\t\t\t\t<div class=\"elementor-element elementor-element-34bfc08 elementor-widget__width-initial elementor-widget elementor-widget-text-editor\" data-id=\"34bfc08\" data-element_type=\"widget\" data-e-type=\"widget\" data-widget_type=\"text-editor.default\">\n\t\t\t\t<div class=\"elementor-widget-container\">\n\t\t\t\t\t\t\t\t\t<p><span style=\"font-weight: 400;\">Por favor,<\/span> <a href=\"https:\/\/radphysics.com\/es\/contacto\/\"><span style=\"font-weight: 400;\">cont\u00e1ctenos si tiene preguntas.<\/span><\/a><\/p>\t\t\t\t\t\t\t\t<\/div>\n\t\t\t\t<\/div>\n\t\t\t\t\t<\/div>\n\t\t<\/div>\n\t\t\t\t\t<\/div>\n\t\t<\/section>\n\t\t\t\t<\/div>\n\t\t","protected":false},"excerpt":{"rendered":"<p>Inicio Recursos \/ Enlaces RECURSOS \/ ENLACES Agencia para la Investigaci\u00f3n y Calidad en Salud (AHRQ) Academia Americana de F\u00edsica M\u00e9dica (AAHP) Asociaci\u00f3n Americana de Dosimetristas M\u00e9dicos (AAMD) Asociaci\u00f3n Americana de Administraci\u00f3n de Im\u00e1genes M\u00e9dicas (AHRA) Asociaci\u00f3n Americana de F\u00edsicos M\u00e9dicos de la India (AMPI) Asociaci\u00f3n Americana de F\u00edsicos en Medicina (AAPM) Sociedad Americana de [&hellip;]<\/p>\n","protected":false},"author":1,"featured_media":0,"parent":0,"menu_order":0,"comment_status":"closed","ping_status":"closed","template":"elementor_header_footer","meta":{"_acf_changed":false,"_seopress_robots_primary_cat":"","_seopress_titles_title":"","_seopress_titles_desc":"","_seopress_robots_index":"","footnotes":""},"class_list":["post-2024","page","type-page","status-publish","hentry"],"acf":[],"_links":{"self":[{"href":"https:\/\/radphysics.com\/es\/wp-json\/wp\/v2\/pages\/2024","targetHints":{"allow":["GET"]}}],"collection":[{"href":"https:\/\/radphysics.com\/es\/wp-json\/wp\/v2\/pages"}],"about":[{"href":"https:\/\/radphysics.com\/es\/wp-json\/wp\/v2\/types\/page"}],"author":[{"embeddable":true,"href":"https:\/\/radphysics.com\/es\/wp-json\/wp\/v2\/users\/1"}],"replies":[{"embeddable":true,"href":"https:\/\/radphysics.com\/es\/wp-json\/wp\/v2\/comments?post=2024"}],"version-history":[{"count":5,"href":"https:\/\/radphysics.com\/es\/wp-json\/wp\/v2\/pages\/2024\/revisions"}],"predecessor-version":[{"id":5729,"href":"https:\/\/radphysics.com\/es\/wp-json\/wp\/v2\/pages\/2024\/revisions\/5729"}],"wp:attachment":[{"href":"https:\/\/radphysics.com\/es\/wp-json\/wp\/v2\/media?parent=2024"}],"curies":[{"name":"wp","href":"https:\/\/api.w.org\/{rel}","templated":true}]}}