{"id":1818,"date":"2023-06-14T08:46:58","date_gmt":"2023-06-14T08:46:58","guid":{"rendered":"https:\/\/radphysics.com\/presentaciones-de-radphysics\/"},"modified":"2024-03-20T08:45:13","modified_gmt":"2024-03-20T08:45:13","slug":"presentaciones-de-radphysics","status":"publish","type":"page","link":"https:\/\/radphysics.com\/es\/presentaciones-de-radphysics\/","title":{"rendered":"Presentaciones de RadPhysics"},"content":{"rendered":"\t\t<div data-elementor-type=\"wp-page\" data-elementor-id=\"1818\" class=\"elementor elementor-1818 elementor-682\" data-elementor-post-type=\"page\">\n\t\t\t\t\t\t<section class=\"elementor-section elementor-top-section elementor-element elementor-element-dde7352 elementor-section-boxed elementor-section-height-default elementor-section-height-default\" data-id=\"dde7352\" data-element_type=\"section\" data-e-type=\"section\" data-settings=\"{&quot;background_background&quot;:&quot;classic&quot;}\">\n\t\t\t\t\t\t<div class=\"elementor-container elementor-column-gap-default\">\n\t\t\t\t\t<div class=\"elementor-column elementor-col-100 elementor-top-column elementor-element elementor-element-bb79b43\" data-id=\"bb79b43\" data-element_type=\"column\" data-e-type=\"column\">\n\t\t\t<div class=\"elementor-widget-wrap elementor-element-populated\">\n\t\t\t\t\t\t<div class=\"elementor-element elementor-element-06af98c elementor-widget elementor-widget-heading\" data-id=\"06af98c\" data-element_type=\"widget\" data-e-type=\"widget\" data-widget_type=\"heading.default\">\n\t\t\t\t<div class=\"elementor-widget-container\">\n\t\t\t\t\t<h1 class=\"elementor-heading-title elementor-size-default\">PRESENTACIONES DE RADPHYSICS<\/h1>\t\t\t\t<\/div>\n\t\t\t\t<\/div>\n\t\t\t\t\t<\/div>\n\t\t<\/div>\n\t\t\t\t\t<\/div>\n\t\t<\/section>\n\t\t\t\t<section class=\"elementor-section elementor-top-section elementor-element elementor-element-c3d2164 elementor-section-boxed elementor-section-height-default elementor-section-height-default\" data-id=\"c3d2164\" data-element_type=\"section\" data-e-type=\"section\">\n\t\t\t\t\t\t<div class=\"elementor-container elementor-column-gap-default\">\n\t\t\t\t\t<div class=\"elementor-column elementor-col-100 elementor-top-column elementor-element elementor-element-595474f\" data-id=\"595474f\" data-element_type=\"column\" data-e-type=\"column\">\n\t\t\t<div class=\"elementor-widget-wrap elementor-element-populated\">\n\t\t\t\t\t\t<div class=\"elementor-element elementor-element-3292955 elementor-widget elementor-widget-text-editor\" data-id=\"3292955\" data-element_type=\"widget\" data-e-type=\"widget\" data-widget_type=\"text-editor.default\">\n\t\t\t\t<div class=\"elementor-widget-container\">\n\t\t\t\t\t\t\t\t\t<ul>\n \t<li><a href=\"https:\/\/radphysics.com\/assets\/uploads\/MedStar%20Present%20-%20Annual%20Sympos%2002_21_22.pdf\">\n<strong>DESARROLLO DE UN MODELO PREDICTIVO PARA LA REDUCCI\u00d3N DE ERRORES M\u00c9DICOS EN ONCOLOG\u00cdA RADIOTER\u00c1PICA,<\/strong>\n<\/a>SIMPOSIO ANUAL DE ONCOLOG\u00cdA RADIOTER\u00c1PICA DE <a href=\"https:\/\/en.wikipedia.org\/wiki\/MedStar_Health\">MEDSTAR HEALTH<\/a>, BALTIMORE, MD, 12\/3\/22.<\/li>\n \t<li><a href=\"https:\/\/radphysics.com\/assets\/uploads\/CHOL%20Presentation%20-%20Webinar%2004_09_21.pdf\">\n<strong>ESTRATEGIAS DE REDUCCI\u00d3N DE RIESGOS PARA LA ONCOLOG\u00cdA RADIOTER\u00c1PICA \u2013<\/strong>\n<\/a><strong>\n<a href=\"https:\/\/radphysics.com\/assets\/uploads\/CHOL%20Presentation%20-%20Webinar%2004_09_21.pdf\">AVANZANDO HACIA EL AN\u00c1LISIS PREDICTIVO,<\/a>\n<\/strong>WEBINAR \u2013 COMUNIDAD DE APRENDIZAJE HUMANO Y ORGANIZACIONAL (CHOL), DALLAS, TX, 29\/4\/21.<strong>\n<\/strong><\/li>\n \t<li><a href=\"https:\/\/radphysics.com\/assets\/uploads\/ASTRO%20Poster%20-%20Annual%20Meeting%20%2010_16_20.pdf\">\n<strong>RESULTADOS DE UN PROGRAMA DE GESTI\u00d3N DE RIESGOS EN M\u00daLTIPLES CENTROS DE ONCOLOG\u00cdA RADIOTER\u00c1PICA,<\/strong>\n<\/a>62.\u00aa REUNI\u00d3N ANUAL (VIRTUAL) \u2013 SOCIEDAD AMERICANA DE RADIOTERAPIA Y ONCOLOG\u00cdA: PRESENTACI\u00d3N DE P\u00d3STER, MIAMI, FL, 27\/10\/20.<\/li>\n \t<li><a href=\"https:\/\/radphysics.com\/assets\/uploads\/ASRT%20Presentation%20-%20Annual%20Meeting%2010_23_20.pdf\">\n<strong>ESTRATEGIAS DE REDUCCI\u00d3N DE RIESGOS PARA LA ONCOLOG\u00cdA RADIOTER\u00c1PICA,<\/strong>\n<\/a>CONFERENCISTA PRINCIPAL \u2013 CONFERENCIA Y EXPOSICI\u00d3N VIRTUAL DE TERAPIA DE RADIACI\u00d3N 2020 DE LA SOCIEDAD ESTADOUNIDENSE DE TECN\u00d3LOGOS RADIOGR\u00c1FICOS (ASRT), ALBUQUERQUE, NM, 24\/10\/20.<\/li>\n \t<li><a href=\"https:\/\/radphysics.com\/assets\/uploads\/ACCC%20Presentation%20-%20Annual%20Meeting%2003_03_20.pdf\">\n<strong>ESTRATEGIAS DE REDUCCI\u00d3N DE RIESGOS PARA PROGRAMAS DE ONCOLOG\u00cdA RADIOTER\u00c1PICA,<\/strong>\n<\/a> REUNI\u00d3N ANUAL DE LA ASOCIACI\u00d3N DE CENTROS DE C\u00c1NCER COMUNITARIOS (ACCC) Y CUMBRE DE NEGOCIOS DE CENTROS DE C\u00c1NCER \u2013 PRECONFERENCIA DE ONCOLOG\u00cdA RADIOTER\u00c1PICA, WASHINGTON, DC, 4 DE MARZO DE 2020.<\/li>\n \t<li><a href=\"https:\/\/radphysics.com\/assets\/uploads\/MedStar%20Present%20-%20Annual%20Sympos%2003-16-19.pdf\">\n<strong>INTELIGENCIA ARTIFICIAL DENTRO DE UN ENTORNO DE SOFTWARE DE CUMPLIMIENTO DE REDUCCI\u00d3N DE ERRORES M\u00c9DICOS EN ONCOLOG\u00cdA RADIOTER\u00c1PICA,<\/strong>\n<\/a>19.\u00ba SIMPOSIO ANUAL DE ONCOLOG\u00cdA RADIOTER\u00c1PICA \u2013 RED DE ONCOLOG\u00cdA RADIOTER\u00c1PICA DE MEDSTAR HEALTH, BALTIMORE, MD, 16\/3\/19.<\/li>\n \t<li><strong>GESTI\u00d3N DE RIESGOS EN ONCOLOG\u00cdA RADIOTER\u00c1PICA,<\/strong>CONFERENCIA ANUAL INTERNACIONAL \u2013 ACADEMIA ESTADOUNIDENSE DE ADMINISTRADORES M\u00c9DICOS, LAS VEGAS, NV, 20\/9\/16.<\/li>\n \t<li><strong>PROGRAMA DE REDUCCI\u00d3N DE ERRORES M\u00c9DICOS Y SALVAGUARDIAS PARA IS\u00d3TOPOS M\u00c9DICOS,<\/strong> UNIVERSIDAD DE NUEVO M\u00c9XICO \u2013 FACULTAD DE POSGRADO DE NEGOCIOS, LABORATORIO NACIONAL DE LOS \u00c1LAMOS\/LABORATORIOS NACIONALES DE SANDIA, ALBUQUERQUE, NM, 16\/3\/16.<\/li>\n \t<li><a href=\"https:\/\/radphysics.com\/assets\/uploads\/AAMA%20Presentation%20-%20Annual%20Meeting%2011-18-10.pdf\">\n<strong>PROGRAMA DE SOFTWARE PARA LA REDUCCI\u00d3N DE ERRORES EN ONCOLOG\u00cdA RADIOTER\u00c1PICA,<\/strong>\n<\/a>CONFERENCIA ANUAL \u2013 ACADEMIA ESTADOUNIDENSE DE ADMINISTRADORES M\u00c9DICOS, CLEARWATER, FL, 18\/11\/10.<\/li>\n \t<li><a href=\"https:\/\/radphysics.com\/assets\/uploads\/ASTRO%20Poster%20-%2052nd%20Annual%20Meeting%2011-2-10(2).pdf\">\n<strong>MODELO DE REDUCCI\u00d3N DE ERRORES EN ONCOLOG\u00cdA RADIOTER\u00c1PICA,<\/strong>\n<\/a>52.\u00aa REUNI\u00d3N ANUAL \u2013 SOCIEDAD AMERICANA DE RADIOTERAPIA Y ONCOLOG\u00cdA: PRESENTACI\u00d3N DE P\u00d3STER, SAN DIEGO, CA, 2\/11\/10.<\/li>\n \t<li><a href=\"https:\/\/radphysics.com\/assets\/uploads\/SROA%20Presentation%20-%2026th%20annual%20Meeting%2011-2-10.pdf\">\n<strong>REDUCCI\u00d3N DE ERRORES EN ONCOLOG\u00cdA RADIOTER\u00c1PICA \u2013 EXPERIENCIA CON UNA HERRAMIENTA DE SOFTWARE EN M\u00daLTIPLES CENTROS DE C\u00c1NCER,<\/strong>\n<\/a>26.\u00aa REUNI\u00d3N ANUAL \u2013 SOCIEDAD DE ADMINISTRADORES DE ONCOLOG\u00cdA RADIOTER\u00c1PICA, SAN DIEGO, CA, 2\/11\/10.<\/li>\n \t<li><a href=\"https:\/\/radphysics.com\/assets\/uploads\/ASTRO%20Poster%20-%2050th%20Annual%20Meeting%209-23-08(4).pdf\">\n<strong>RESULTADOS CL\u00cdNICOS DE UN PROGRAMA DE SOFTWARE DE REDUCCI\u00d3N DE ERRORES M\u00c9DICOS Y CUMPLIMIENTO EN ONCOLOG\u00cdA RADIOTER\u00c1PICA,<\/strong>\n<\/a>50.\u00aa REUNI\u00d3N ANUAL \u2013 SOCIEDAD AMERICANA DE RADIOTERAPIA Y ONCOLOG\u00cdA: PRESENTACI\u00d3N DE P\u00d3STER, B<\/li>\n \t<li><a href=\"https:\/\/radphysics.com\/assets\/uploads\/SROA%20Presentation%20-%2025th%20Annual%20Meeting%209-23-08.pdf\">\n<strong>RESULTADOS CL\u00cdNICOS DE UN PROGRAMA DE SOFTWARE PARA LA REDUCCI\u00d3N DE ERRORES M\u00c9DICOS Y CUMPLIMIENTO EN ONCOLOG\u00cdA RADIOTER\u00c1PICA,<\/strong>\n<\/a>25.\u00aa REUNI\u00d3N ANUAL \u2013 SOCIEDAD DE ADMINISTRADORES DE ONCOLOG\u00cdA RADIOTER\u00c1PICA, CAMBRIDGE, MA, 23\/9\/08.<\/li>\n \t<li><a href=\"https:\/\/radphysics.com\/assets\/uploads\/SROA%20Presentation%20-%2023rd%20Annual%20Meeting%2011-7-06(3).pdf\">\n<strong>RESULTADOS CL\u00cdNICOS DE UN PROGRAMA DE SOFTWARE PARA LA REDUCCI\u00d3N DE ERRORES M\u00c9DICOS EN ONCOLOG\u00cdA RADIOTER\u00c1PICA,<\/strong>\n<\/a>23.\u00aa REUNI\u00d3N ANUAL \u2013 SOCIEDAD DE ADMINISTRADORES DE ONCOLOG\u00cdA RADIOTER\u00c1PICA, FILADELFIA, PA, 7\/11\/06.<\/li>\n \t<li><a href=\"https:\/\/radphysics.com\/assets\/uploads\/SROA%20Presentation%20-%2022nd%20Annual%20Meeting%2010-17-05(1).pdf\">\n<strong>DOS MODELOS DE PROGRAMAS DE REDUCCI\u00d3N DE ERRORES M\u00c9DICOS EN ONCOLOG\u00cdA RADIOTER\u00c1PICA,<\/strong>\n<\/a>22.\u00aa REUNI\u00d3N ANUAL \u2013 SOCIEDAD DE ADMINISTRADORES DE ONCOLOG\u00cdA RADIOTER\u00c1PICA, DENVER, CO, 17\/10\/05.<\/li>\n \t<li><a href=\"https:\/\/radphysics.com\/assets\/uploads\/AMAC%20Presentation%20-%20Billing%208-1-00%20&amp;%208-7-00.pdf\">\n<strong>FACTURACI\u00d3N DE F\u00cdSICA Y DOCUMENTACI\u00d3N DE ASEGURAMIENTO DE CALIDAD EN ONCOLOG\u00cdA RADIOTER\u00c1PICA,<\/strong>\n<\/a>SEMINARIO DE APC Y CUMPLIMIENTO \u2013 CONSULTOR\u00cdA Y CONTABILIDAD M\u00c9DICA ESTADOUNIDENSE; CHICAGO, IL \u2013 1\/8\/00; SAN DIEGO, CA \u2013 7\/8\/00.<\/li>\n \t<li><a href=\"https:\/\/radphysics.com\/assets\/uploads\/AMAC%20Presentation%20-%20QA%207-24-00.pdf\">\n<strong>PROGRAMA DE ASEGURAMIENTO DE CALIDAD T\u00c9CNICA EN F\u00cdSICA DE ONCOLOG\u00cdA RADIOTER\u00c1PICA,<\/strong>\n<\/a>SEMINARIO DE APC Y CUMPLIMIENTO \u2013 CONSULTOR\u00cdA Y CONTABILIDAD M\u00c9DICA ESTADOUNIDENSE; ATLANTA, GA \u2013 24\/7\/00.<\/li>\n<\/ul>\t\t\t\t\t\t\t\t<\/div>\n\t\t\t\t<\/div>\n\t\t\t\t\t<\/div>\n\t\t<\/div>\n\t\t\t\t\t<\/div>\n\t\t<\/section>\n\t\t\t\t<\/div>\n\t\t","protected":false},"excerpt":{"rendered":"<p>PRESENTACIONES DE RADPHYSICS DESARROLLO DE UN MODELO PREDICTIVO PARA LA REDUCCI\u00d3N DE ERRORES M\u00c9DICOS EN ONCOLOG\u00cdA RADIOTER\u00c1PICA, SIMPOSIO ANUAL DE ONCOLOG\u00cdA RADIOTER\u00c1PICA DE MEDSTAR HEALTH, BALTIMORE, MD, 12\/3\/22. ESTRATEGIAS DE REDUCCI\u00d3N DE RIESGOS PARA LA ONCOLOG\u00cdA RADIOTER\u00c1PICA \u2013 AVANZANDO HACIA EL AN\u00c1LISIS PREDICTIVO, WEBINAR \u2013 COMUNIDAD DE APRENDIZAJE HUMANO Y ORGANIZACIONAL (CHOL), DALLAS, TX, 29\/4\/21. [&hellip;]<\/p>\n","protected":false},"author":1,"featured_media":0,"parent":0,"menu_order":0,"comment_status":"closed","ping_status":"closed","template":"elementor_header_footer","meta":{"_acf_changed":false,"_seopress_robots_primary_cat":"","_seopress_titles_title":"","_seopress_titles_desc":"","_seopress_robots_index":"","footnotes":""},"class_list":["post-1818","page","type-page","status-publish","hentry"],"acf":[],"_links":{"self":[{"href":"https:\/\/radphysics.com\/es\/wp-json\/wp\/v2\/pages\/1818","targetHints":{"allow":["GET"]}}],"collection":[{"href":"https:\/\/radphysics.com\/es\/wp-json\/wp\/v2\/pages"}],"about":[{"href":"https:\/\/radphysics.com\/es\/wp-json\/wp\/v2\/types\/page"}],"author":[{"embeddable":true,"href":"https:\/\/radphysics.com\/es\/wp-json\/wp\/v2\/users\/1"}],"replies":[{"embeddable":true,"href":"https:\/\/radphysics.com\/es\/wp-json\/wp\/v2\/comments?post=1818"}],"version-history":[{"count":5,"href":"https:\/\/radphysics.com\/es\/wp-json\/wp\/v2\/pages\/1818\/revisions"}],"predecessor-version":[{"id":6282,"href":"https:\/\/radphysics.com\/es\/wp-json\/wp\/v2\/pages\/1818\/revisions\/6282"}],"wp:attachment":[{"href":"https:\/\/radphysics.com\/es\/wp-json\/wp\/v2\/media?parent=1818"}],"curies":[{"name":"wp","href":"https:\/\/api.w.org\/{rel}","templated":true}]}}