{"id":1815,"date":"2023-06-14T08:46:46","date_gmt":"2023-06-14T08:46:46","guid":{"rendered":"https:\/\/radphysics.com\/publicaciones-de-radphysics\/"},"modified":"2024-03-16T08:38:42","modified_gmt":"2024-03-16T08:38:42","slug":"publicaciones-de-radphysics","status":"publish","type":"page","link":"https:\/\/radphysics.com\/es\/publicaciones-de-radphysics\/","title":{"rendered":"Publicaciones de RadPhysics"},"content":{"rendered":"\t\t<div data-elementor-type=\"wp-page\" data-elementor-id=\"1815\" class=\"elementor elementor-1815 elementor-680\" data-elementor-post-type=\"page\">\n\t\t\t\t\t\t<section class=\"elementor-section elementor-top-section elementor-element elementor-element-9ae5c3b elementor-section-boxed elementor-section-height-default elementor-section-height-default\" data-id=\"9ae5c3b\" data-element_type=\"section\" data-e-type=\"section\" data-settings=\"{&quot;background_background&quot;:&quot;classic&quot;}\">\n\t\t\t\t\t\t<div class=\"elementor-container elementor-column-gap-default\">\n\t\t\t\t\t<div class=\"elementor-column elementor-col-100 elementor-top-column elementor-element elementor-element-174646f\" data-id=\"174646f\" data-element_type=\"column\" data-e-type=\"column\">\n\t\t\t<div class=\"elementor-widget-wrap elementor-element-populated\">\n\t\t\t\t\t\t<div class=\"elementor-element elementor-element-b475da7 elementor-widget elementor-widget-heading\" data-id=\"b475da7\" data-element_type=\"widget\" data-e-type=\"widget\" data-widget_type=\"heading.default\">\n\t\t\t\t<div class=\"elementor-widget-container\">\n\t\t\t\t\t<h1 class=\"elementor-heading-title elementor-size-default\">NOTICIAS Y RECURSOS<\/h1>\t\t\t\t<\/div>\n\t\t\t\t<\/div>\n\t\t\t\t\t<\/div>\n\t\t<\/div>\n\t\t\t\t\t<\/div>\n\t\t<\/section>\n\t\t\t\t<section class=\"elementor-section elementor-top-section elementor-element elementor-element-f98792d elementor-section-boxed elementor-section-height-default elementor-section-height-default\" data-id=\"f98792d\" data-element_type=\"section\" data-e-type=\"section\">\n\t\t\t\t\t\t<div class=\"elementor-container elementor-column-gap-default\">\n\t\t\t\t\t<div class=\"elementor-column elementor-col-100 elementor-top-column elementor-element elementor-element-d7cd8e1\" data-id=\"d7cd8e1\" data-element_type=\"column\" data-e-type=\"column\">\n\t\t\t<div class=\"elementor-widget-wrap elementor-element-populated\">\n\t\t\t\t\t\t<div class=\"elementor-element elementor-element-86ccbd5 elementor-widget elementor-widget-text-editor\" data-id=\"86ccbd5\" data-element_type=\"widget\" data-e-type=\"widget\" data-widget_type=\"text-editor.default\">\n\t\t\t\t<div class=\"elementor-widget-container\">\n\t\t\t\t\t\t\t\t\t<ul>\n \t<li>I. GANGULY, G. BUHRMAN, S. MUN, E. KLINE, S. SENGUPTA, ETIQUETADO <strong>AUTOM\u00c1TICO DE ERRORES EN ONCOLOG\u00cdA RADIOTER\u00c1PICA MEDIANTE PROCESAMIENTO<\/strong> DE LENGUAJE NATURAL ESTAD\u00cdSTICO, ACEPTADO PARA PUBLICACI\u00d3N EN MDPI (REVISTA REVISADA POR PARES) EL 15 DE MARZO DE 2023.<\/li>\n \t<li>E.B. KLINE, S. SENGUPTA, ET. AL., INTELIGENCIA ARTIFICIAL EN ONCOLOG\u00cdA RADIOTER\u00c1PICA, CAP\u00cdTULO 11 \u2013 <strong>C\u00d3MO LA IA PUEDE AYUDARNOS A COMPRENDER Y MITIGAR LA PROPAGACI\u00d3N DE ERRORES EN ONCOLOG\u00cdA RADIOTER\u00c1PICA,<\/strong>, PUBLICADO POR WORLD SCIENTIFIC PUBLISHERS, HACKENSACK, NJ, ENERO DE 2023.<\/li>\n \t<li>E.B. KLINE, ET. AL., REVISTA INTERNACIONAL DE RADIOTERAPIA* BIOLOG\u00cdA* F\u00cdSICA, ACTAS DE LA SOCIEDAD AMERICANA DE RADIOTERAPIA Y ONCOLOG\u00cdA: 24 DE OCTUBRE DE 2020 \u2013 28 DE OCTUBRE DE 2020, <strong>RESULTADOS DE UN PROGRAMA DE GESTI\u00d3N DE RIESGOS EN M\u00daLTIPLES CENTROS DE ONCOLOG\u00cdA RADIOTER\u00c1PICA,<\/strong> VOLUMEN 108, N\u00daMERO 3, SUPLEMENTO S1-S192, NOVIEMBRE DE 2020, RESUMEN 2470, E209-E210.<\/li>\n \t<li>E.B. KLINE, REUNI\u00d3N ANUAL DE LA ASOCIACI\u00d3N DE CENTROS DE C\u00c1NCER COMUNITARIOS (ACCC) Y CUMBRE DE NEGOCIOS DE CENTROS DE C\u00c1NCER \u2013 PRECONFERENCIA DE ONCOLOG\u00cdA RADIOTER\u00c1PICA, <strong>ESTRATEGIAS DE ONCOLOG\u00cdA RADIOTER\u00c1PICA PARA UN FUTURO INCERTIDO \u2013 REDUCCI\u00d3N DE RIESGOS,<\/strong> WWW.ACCC-CANCER.ORG\/ACCCBUZZ.COM, 3\/7\/20. \t<li>E.B. KLINE, REUNI\u00d3N ANUAL DE LA ASOCIACI\u00d3N DE CENTROS DE C\u00c1NCER COMUNITARIOS (ACCC) Y CUMBRE DE NEGOCIOS DE CENTROS DE C\u00c1NCER \u2013 PRECONFERENCIA DE ONCOLOG\u00cdA RADIOTER\u00c1PICA, <strong>ESTRATEGIAS DE REDUCCI\u00d3N DE RIESGOS PARA PROGRAMAS DE ONCOLOG\u00cdA RADIOTER\u00c1PICA,<\/strong> RESUMEN, WASHINGTON, DC, 4 DE MARZO DE 2020.<\/li>\n \t<li>E.B. KLINE, CONFERENCIA ANUAL INTERNACIONAL \u2013 ACADEMIA ESTADOUNIDENSE DE ADMINISTRADORES M\u00c9DICOS, <strong>GESTI\u00d3N DE RIESGOS EN ONCOLOG\u00cdA RADIOTER\u00c1PICA,<\/strong> RESUMEN, LAS VEGAS, NV, 20 DE SEPTIEMBRE DE 2016.<\/li>\n \t<li>E.B. KLINE, CONFERENCIA ANUAL \u2013 ACADEMIA ESTADOUNIDENSE DE ADMINISTRADORES M\u00c9DICOS,<strong>PROGRAMA DE SOFTWARE DE REDUCCI\u00d3N DE ERRORES EN ONCOLOG\u00cdA RADIOTER\u00c1PICA,<\/strong>RESUMEN, CLEARWATER, FL, 18 DE NOVIEMBRE DE 2010.<\/li>\n \t<li>E.B. Kline, KLINE, J.W. SWEET, REVISTA INTERNACIONAL DE RADIOTERAPIA* BIOLOG\u00cdA* F\u00cdSICA, ACTAS DE LA SOCIEDAD AMERICANA DE RADIOTERAPIA Y ONCOLOG\u00cdA 52.\u00aa REUNI\u00d3N ANUAL,<strong>MODELO DE REDUCCI\u00d3N DE ERRORES EN ONCOLOG\u00cdA RADIOTER\u00c1PICA,<\/strong> VOLUMEN 78, N\u00daMERO 3, SUPLEMENTO, NOVIEMBRE DE 2010, P\u00c1GINA S574.<\/li>\n \t<li>J.W. SWEET, E.B. KLINE, 52.\u00aa REUNI\u00d3N ANUAL \u2013 SOCIEDAD AMERICANA DE RADIOTERAPIA Y ONCOLOG\u00cdA, <strong>MODELO DE REDUCCI\u00d3N DE ERRORES EN ONCOLOG\u00cdA RADIOTER\u00c1PICA:<\/strong> RESUMEN Y P\u00d3STER, SAN DIEGO, CA, 2 DE NOVIEMBRE DE 2010.<\/li>\n \t<li>E.B. KLINE, 26.\u00aa REUNI\u00d3N ANUAL \u2013 SOCIEDAD DE ADMINISTRADORES DE ONCOLOG\u00cdA RADIOTER\u00c1PICA,<strong>PROGRAMA DE REDUCCI\u00d3N DE ERRORES EN ONCOLOG\u00cdA RADIOTER\u00c1PICA: EXPERIENCIA CON UNA HERRAMIENTA DE SOFTWARE EN M\u00daLTIPLES CENTROS DE C\u00c1NCER,<\/strong> RESUMEN Y RESULTADOS PUBLICADOS, SAN DIEGO, CA, 2 DE NOVIEMBRE DE 2010.<\/li>\n \t<li>E.B. KLINE, P.S. STAFFORD, REVISTA INTERNACIONAL DE RADIOTERAPIA* BIOLOG\u00cdA* F\u00cdSICA, ACTAS DE LA SOCIEDAD AMERICANA DE RADIOTERAPIA Y ONCOLOG\u00cdA 50.\u00aa REUNI\u00d3N ANUAL,<strong>RESULTADOS CL\u00cdNICOS DE UN PROGRAMA DE SOFTWARE DE REDUCCI\u00d3N DE ERRORES\/COMPLIANCE M\u00c9DICO EN ONCOLOG\u00cdA RADIOTER\u00c1PICA,<\/strong> VOLUMEN 72, N\u00daMERO 1, SUPLEMENTO 1, SEPTIEMBRE DE 2008, P\u00c1GINA S667.<\/li>\n \t<li>E.B. KLINE, 50.\u00aa REUNI\u00d3N ANUAL \u2013 SOCIEDAD AMERICANA DE RADIOTERAPIA Y ONCOLOG\u00cdA:<strong>RESULTADOS CL\u00cdNICOS DE UN PROGRAMA DE SOFTWARE DE REDUCCI\u00d3N DE ERRORES\/COMPLIANCE M\u00c9DICO EN ONCOLOG\u00cdA RADIOTER\u00c1PICA,<\/strong> RESUMEN Y P\u00d3STER, BOSTON, MA, 23 DE SEPTIEMBRE DE 2008.<\/li>\n \t<li>E.B. KLINE, 25.\u00aa REUNI\u00d3N ANUAL \u2013 SOCIEDAD DE ADMINISTRADORES DE ONCOLOG\u00cdA RADIOTER\u00c1PICA,<strong>RESULTADOS CL\u00cdNICOS DE UN PROGRAMA DE SOFTWARE DE REDUCCI\u00d3N DE ERRORES\/COMPLIANCE M\u00c9DICO EN ONCOLOG\u00cdA RADIOTER\u00c1PICA,<\/strong> RESUMEN Y RESULTADOS PUBLICADOS, CAMBRIDGE, MA, 23 DE SEPTIEMBRE DE 2008.<\/li>\n \t<li>E.B. KLINE, 24.\u00aa REUNI\u00d3N ANUAL \u2013 SOCIEDAD DE ADMINISTRADORES DE ONCOLOG\u00cdA RADIOTER\u00c1PICA,<strong>RESULTADOS CL\u00cdNICOS DE UN PROGRAMA DE SOFTWARE DE REDUCCI\u00d3N DE ERRORES M\u00c9DICOS EN ONCOLOG\u00cdA RADIOTER\u00c1PICA,<\/strong> RESUMEN Y RESULTADOS PUBLICADOS, PHILADELPHIA, PA, 7 DE NOVIEMBRE DE 2006.<\/li>\n \t<li>E.B. KLINE, ASRT SCANNER,<strong> RADIOSURGER\u00cdA CORPORAL ESTEREOT\u00c1CTICA,<\/strong> SOCIEDAD ESTADOUNIDENSE DE TECN\u00d3LOGOS RADIOGR\u00c1FICOS, ALBUQUERQUE, NM, VOLUMEN 38, NO. 10, JULIO DE 2006.<\/li>\n \t<li>E.B. KLINE, 23.\u00aa REUNI\u00d3N ANUAL \u2013 SOCIEDAD DE ADMINISTRADORES DE ONCOLOG\u00cdA RADIOTER\u00c1PICA,<strong>DOS MODELOS DE PROGRAMAS DE REDUCCI\u00d3N DE ERRORES M\u00c9DICOS EN ONCOLOG\u00cdA RADIOTER\u00c1PICA,<\/strong> RESUMEN Y RESULTADOS PUBLICADOS, DENVER, CO, 17 DE OCTUBRE DE 2005.<\/li>\n \t<li>E.B. KLINE, DIRECTORIO DE MEMBRES\u00cdA Y MANUAL DEL COLEGIO ESTADOUNIDENSE DE F\u00cdSICA M\u00c9DICA,<strong> DECLARACI\u00d3N DE POL\u00cdTICA \u2013 REDUCCI\u00d3N DE ERRORES M\u00c9DICOS,<\/strong> COLEGIO ESTADOUNIDENSE DE F\u00cdSICA M\u00c9DICA, RESTON, VA, JULIO DE 2005.<\/li>\n \t<li>E.B. KLINE, BOLET\u00cdN DEL COLEGIO AMERICANO DE F\u00cdSICA M\u00c9DICA,<strong>COMIT\u00c9 DE ASUNTOS GUBERNAMENTALES \u2013 REDUCCI\u00d3N DE ERRORES M\u00c9DICOS,<\/strong> COLEGIO AMERICANO DE F\u00cdSICA M\u00c9DICA, RESTON, VA, FEBRERO DE 2005.<\/li>\n \t<li>E.B. KLINE, BOLET\u00cdN DEL COLEGIO AMERICANO DE F\u00cdSICA M\u00c9DICA,<strong>INFORME DEL COMIT\u00c9 DE ASUNTOS GUBERNAMENTALES,<\/strong> COLEGIO AMERICANO DE F\u00cdSICA M\u00c9DICA, RESTON, VA, SEPTIEMBRE DE 2004.<\/li>\n \t<li>E.B. KLINE, BOLET\u00cdN DEL COLEGIO AMERICANO DE F\u00cdSICA M\u00c9DICA,<strong>COMIT\u00c9 DE ASUNTOS GUBERNAMENTALES,<\/strong> COLEGIO AMERICANO DE F\u00cdSICA M\u00c9DICA, RESTON, VA, SEPTIEMBRE DE 2003.<\/li>\n \t<li>E.B. KLINE, P.S. STAFFORD, AVANCE PARA ADMINISTRADORES DE IM\u00c1GENES Y ONCOLOG\u00cdA,<strong>CONSTRUIDO PARA DURAR,<\/strong> MERION PUBLISHING INC: KING OF PRUSSIA, PA, VOL. 13, NO. 7, JULIO DE 2003.<\/li>\n \t<li>E.B. KLINE, BOLET\u00cdN DEL COLEGIO AMERICANO DE F\u00cdSICA M\u00c9DICA,<strong>COMIT\u00c9 DE ASUNTOS GUBERNAMENTALES,<\/strong>COLEGIO AMERICANO DE F\u00cdSICA M\u00c9DICA, RESTON, VA, ENERO DE 2003.<\/li>\n \t<li>E.B. KLINE, BOLET\u00cdN DEL COLEGIO AMERICANO DE F\u00cdSICA M\u00c9DICA,<strong>COMIT\u00c9 DE ASUNTOS GUBERNAMENTALES,<\/strong> COLEGIO AMERICANO DE F\u00cdSICA M\u00c9DICA, RESTON, VA, JULIO DE 2002.<\/li>\n \t<li>E.B. KLINE, BOLET\u00cdN DEL COLEGIO AMERICANO DE F\u00cdSICA M\u00c9DICA,<strong>RINC\u00d3N REGULATORIO,<\/strong> COLEGIO AMERICANO DE F\u00cdSICA M\u00c9DICA, RESTON, VA, MAYO DE 2002.<\/li>\n \t<li>E.B. KLINE, ACTUALIZACI\u00d3N DE CHURCHILL,<strong>PROCESO DE ACREDITACI\u00d3N DE ACR \u2013 PARTE III: EST\u00c1NDARES DE ACR PARA ONCOLOG\u00cdA RADIOTER\u00c1PICA,<\/strong> CHURCHILL CONSULTING, INC., KILLINGWORTH, CT, VOL. # 4, N\u00daMERO 40, JUNIO-JULIO DE 2002.<\/li>\n \t<li>E.B. KLINE, ACTUALIZACI\u00d3N DE CHURCHILL,<strong>PROCESO DE ACREDITACI\u00d3N DE ACR \u2013 PARTE II: ELEGIBILIDAD,<\/strong> CHURCHILL CONSULTING, INC., KILLINGWORTH, CT, VOL. # 3, N\u00daMERO 39, MARZO-MAYO DE 2002.<\/li>\n \t<li>E.B. KLINE, ACTUALIZACI\u00d3N DE CHURCHILL,<strong>PROCESO DE ACREDITACI\u00d3N DE ACR \u2013 PARTE I: ANTECEDENTES,<\/strong> CHURCHILL CONSULTING, INC., KILLINGWORTH, CT, VOL. # 2, N\u00daMERO 38, FEBRERO DE 2002.<\/li>\n \t<li>E.B. Kline, <strong>SEGUIMIENTO DE TERAPIA DE RADIACI\u00d3N \u2013 REDUCCI\u00d3N DE ERRORES CON PASI\u00d3N,<\/strong> REVISTA HIGHLIGHTS, WELLSPAN HEALTH, YORK, PA, 28\/5\/01.<\/li>\n \t<li>E.B. KLINE, ACTUALIZACI\u00d3N DE CHURCHILL,<strong>PROCESO DE APLICACI\u00d3N REGULATORIA \u2013 PARTE IV: \u00bfC\u00d3MO REALIZO UNA AUDITOR\u00cdA INTERNA (CONTI.) &#8211; SECCI\u00d3N III?,<\/strong> CHURCHILL CONSULTING, INC., KILLINGWORTH, CT, VOL. # 3, N\u00daMERO MARZO-ABRIL DE 2000.<\/li>\n \t<li>E.B. KLINE, ACTUALIZACI\u00d3N DE CHURCHILL, <strong>PROCESO DE APLICACI\u00d3N REGULATORIA \u2013 PARTE IV: \u00bfC\u00d3MO REALIZO UNA AUDITOR\u00cdA INTERNA (CONTI.) &#8211; SECCI\u00d3N II?,<\/strong> CHURCHILL CONSULTING, INC., KILLINGWORTH, CT, VOL. # 2, N\u00daMERO FEBRERO DE 2000.<\/li>\n \t<li>E.B. KLINE, ACTUALIZACI\u00d3N DE CHURCHILL,<strong> PROCESO DE APLICACI\u00d3N REGULATORIA \u2013 PARTE III: \u00bfC\u00d3MO REALIZO UNA AUDITOR\u00cdA INTERNA &#8211; SECCI\u00d3N I?,<\/strong>CHURCHILL CONSULTING, INC., KILLINGWORTH, CT, VOL. # 8, N\u00daMERO NOVIEMBRE-DICIEMBRE DE 1999.<\/li>\n \t<li>E.B. KLINE, ACTUALIZACI\u00d3N DE CHURCHILL,<strong> PROCESO DE APLICACI\u00d3N REGULATORIA \u2013 PARTE II: \u00bfQU\u00c9 ES UNA ACCI\u00d3N DE APLICACI\u00d3N ESCALADA?,<\/strong> CHURCHILL CONSULTING, INC., KILLINGWORTH, CT, VOL. # 7, N\u00daMERO OCTUBRE DE 1999.<\/li>\n \t<li>E.B. KLINE, ACTUALIZACI\u00d3N DE CHURCHILL,<strong>PROCESO DE APLICACI\u00d3N REGULATORIA \u2013 PARTE I: INTRODUCCI\u00d3N,<\/strong> CHURCHILL CONSULTING, INC., KILLINGWORTH, CT, VOL. # 6, N\u00daMERO AGOSTO-SEPTIEMBRE DE 1999.<\/li>\n<\/ul>\t\t\t\t\t\t\t\t<\/div>\n\t\t\t\t<\/div>\n\t\t\t\t\t<\/div>\n\t\t<\/div>\n\t\t\t\t\t<\/div>\n\t\t<\/section>\n\t\t\t\t<\/div>\n\t\t","protected":false},"excerpt":{"rendered":"<p>NOTICIAS Y RECURSOS I. GANGULY, G. BUHRMAN, S. MUN, E. KLINE, S. SENGUPTA, ETIQUETADO AUTOM\u00c1TICO DE ERRORES EN ONCOLOG\u00cdA RADIOTER\u00c1PICA MEDIANTE PROCESAMIENTO DE LENGUAJE NATURAL ESTAD\u00cdSTICO, ACEPTADO PARA PUBLICACI\u00d3N EN MDPI (REVISTA REVISADA POR PARES) EL 15 DE MARZO DE 2023. E.B. KLINE, S. SENGUPTA, ET. AL., INTELIGENCIA ARTIFICIAL EN ONCOLOG\u00cdA RADIOTER\u00c1PICA, CAP\u00cdTULO 11 \u2013 [&hellip;]<\/p>\n","protected":false},"author":1,"featured_media":0,"parent":0,"menu_order":0,"comment_status":"closed","ping_status":"closed","template":"elementor_header_footer","meta":{"_acf_changed":false,"_seopress_robots_primary_cat":"","_seopress_titles_title":"","_seopress_titles_desc":"","_seopress_robots_index":"","footnotes":""},"class_list":["post-1815","page","type-page","status-publish","hentry"],"acf":[],"_links":{"self":[{"href":"https:\/\/radphysics.com\/es\/wp-json\/wp\/v2\/pages\/1815","targetHints":{"allow":["GET"]}}],"collection":[{"href":"https:\/\/radphysics.com\/es\/wp-json\/wp\/v2\/pages"}],"about":[{"href":"https:\/\/radphysics.com\/es\/wp-json\/wp\/v2\/types\/page"}],"author":[{"embeddable":true,"href":"https:\/\/radphysics.com\/es\/wp-json\/wp\/v2\/users\/1"}],"replies":[{"embeddable":true,"href":"https:\/\/radphysics.com\/es\/wp-json\/wp\/v2\/comments?post=1815"}],"version-history":[{"count":5,"href":"https:\/\/radphysics.com\/es\/wp-json\/wp\/v2\/pages\/1815\/revisions"}],"predecessor-version":[{"id":6189,"href":"https:\/\/radphysics.com\/es\/wp-json\/wp\/v2\/pages\/1815\/revisions\/6189"}],"wp:attachment":[{"href":"https:\/\/radphysics.com\/es\/wp-json\/wp\/v2\/media?parent=1815"}],"curies":[{"name":"wp","href":"https:\/\/api.w.org\/{rel}","templated":true}]}}