{"id":4739,"date":"2023-06-14T08:46:46","date_gmt":"2023-06-14T08:46:46","guid":{"rendered":"https:\/\/radphysics.com\/radphysics-publications\/"},"modified":"2024-03-16T08:40:59","modified_gmt":"2024-03-16T08:40:59","slug":"radphysics-veroeffentlichungen","status":"publish","type":"page","link":"https:\/\/radphysics.com\/de\/radphysics-veroeffentlichungen\/","title":{"rendered":"RadPhysics \u2013Ver\u00f6ffentlichungen"},"content":{"rendered":"\t\t<div data-elementor-type=\"wp-page\" data-elementor-id=\"4739\" class=\"elementor elementor-4739 elementor-680\" data-elementor-post-type=\"page\">\n\t\t\t\t\t\t<section class=\"elementor-section elementor-top-section elementor-element elementor-element-9ae5c3b elementor-section-boxed elementor-section-height-default elementor-section-height-default\" data-id=\"9ae5c3b\" data-element_type=\"section\" data-e-type=\"section\" data-settings=\"{&quot;background_background&quot;:&quot;classic&quot;}\">\n\t\t\t\t\t\t<div class=\"elementor-container elementor-column-gap-default\">\n\t\t\t\t\t<div class=\"elementor-column elementor-col-100 elementor-top-column elementor-element elementor-element-174646f\" data-id=\"174646f\" data-element_type=\"column\" data-e-type=\"column\">\n\t\t\t<div class=\"elementor-widget-wrap elementor-element-populated\">\n\t\t\t\t\t\t<div class=\"elementor-element elementor-element-b475da7 elementor-widget elementor-widget-heading\" data-id=\"b475da7\" data-element_type=\"widget\" data-e-type=\"widget\" data-widget_type=\"heading.default\">\n\t\t\t\t<div class=\"elementor-widget-container\">\n\t\t\t\t\t<h1 class=\"elementor-heading-title elementor-size-default\">RADPHYSICS-VER\u00d6FFENTLICHUNGEN<\/h1>\t\t\t\t<\/div>\n\t\t\t\t<\/div>\n\t\t\t\t\t<\/div>\n\t\t<\/div>\n\t\t\t\t\t<\/div>\n\t\t<\/section>\n\t\t\t\t<section class=\"elementor-section elementor-top-section elementor-element elementor-element-f98792d elementor-section-boxed elementor-section-height-default elementor-section-height-default\" data-id=\"f98792d\" data-element_type=\"section\" data-e-type=\"section\">\n\t\t\t\t\t\t<div class=\"elementor-container elementor-column-gap-default\">\n\t\t\t\t\t<div class=\"elementor-column elementor-col-100 elementor-top-column elementor-element elementor-element-d7cd8e1\" data-id=\"d7cd8e1\" data-element_type=\"column\" data-e-type=\"column\">\n\t\t\t<div class=\"elementor-widget-wrap elementor-element-populated\">\n\t\t\t\t\t\t<div class=\"elementor-element elementor-element-86ccbd5 elementor-widget elementor-widget-text-editor\" data-id=\"86ccbd5\" data-element_type=\"widget\" data-e-type=\"widget\" data-widget_type=\"text-editor.default\">\n\t\t\t\t<div class=\"elementor-widget-container\">\n\t\t\t\t\t\t\t\t\t<ul>\n \t<li>I. GANGULY, G. BUHRMAN, S. MUN, E. KLINE, S. SENGUPTA, <strong>AUTOMATISIERTE FEHLERMARKIERUNG IN DER STRAHLUNGSONKOLOGIE MITTELS STATISTISCHER NAT\u00dcRLICHER SPRACHVERARBEITUNG<\/strong>, ANGENOMMEN ZUR VER\u00d6FFENTLICHUNG BEI MDPI (PEER REVIEW JOURNAL) AM 15. M\u00c4RZ 2023.<\/li>\n \t<li>E.B. KLINE, S. SENGUPTA, ET. AL., <strong>K\u00dcNSTLICHE INTELLIGENZ IN DER STRAHLENONKOLOGIE, KAPITEL 11 &#8211; WIE KI UNS HELFEN KANN, DIE FEHLERFORTPFLANZUNG IN DER STRAHLENONKOLOGIE ZU VERSTEHEN UND ZU MILDERN<\/strong>, WORLD SCIENTIFIC PUBLISHERS, HACKENSACK, NJ, JANUAR 2023.<\/li>\n \t<li>E.B. KLINE, ET. AL., INTERNATIONALE ZEITSCHRIFT F\u00dcR STRAHLENONKOLOGIE*BIOLOGIE*PHYSIK, PROCEEDINGS DER AMERIKANISCHEN GESELLSCHAFT F\u00dcR THERAPEUTISCHE RADIOLOGIE UND ONKOLOGIE: 24. OKTOBER 2020 &#8211; 28. OKTOBER 2020,<strong> ERGEBNISSE EINES RISIKOMANAGEMENTPROGRAMMS AN MEHREREN STRAHLENONKOLOGISCHEN ZENTREN<\/strong>, BAND 108, NUMMER 3, BEILAGE S1-S192, NOVEMBER 2020, ABSTRAKT 2470, E209-E210.<\/li>\n \t<li>E.B. KLINE, JAHRESVERSAMMLUNG DER ASSOCIATION OF COMMUNITY CANCER CENTERS (ACCC) &#038; CANCER CENTER BUSINESS SUMMIT &#8211; RADIATION ONCOLOGY PRE-CONFERENCE, <strong>RADIOLOGISCHE STRATEGIEN F\u00dcR EINE UNSICHERE ZUKUNFT &#8211; RISIKOREDUKTION<\/strong>, WWW.ACCC-CANCER.ORG\/ACCCBUZZ.COM, 3\/7\/20.<\/li>\n \t<li>E.B. KLINE, JAHRESVERSAMMLUNG DER ASSOCIATION OF COMMUNITY CANCER CENTERS (ACCC) &#038; CANCER CENTER BUSINESS SUMMIT &#8211; RADIATION ONCOLOGY PRE-CONFERENCE, <strong>STRATEGIEN ZUR RISIKOMINDERUNG F\u00dcR STRAHLENONKOLOGISCHE PROGRAMME<\/strong>, ABSTRAKT, WASHINGTON, DC, 4. M\u00c4RZ 2020.<\/li>\n \t<li>E.B. KLINE, INTERNATIONALE JAHRESKONFERENZ &#8211; AMERICAN ACADEMY OF MEDICAL ADMINISTRATORS,\u00a0<strong>RISIKOMANAGEMENT IN DER STRAHLENONKOLOGIE<\/strong>, ABSTRAKT, LAS VEGAS, NV, 20. SEPTEMBER 2016.<\/li>\n \t<li>E.B. KLINE, JAHRESKONFERENZ &#8211; AMERICAN ACADEMY OF MEDICAL ADMINISTRATORS,\u00a0<strong>SOFTWAREPROGRAMM ZUR FEHLERREDUZIERUNG IN DER STRAHLENONKOLOGIE<\/strong>, ABSTRAKT, CLEARWATER, FL, 18. NOVEMBER 2010.<\/li>\n \t<li>E.B. KLINE, J.W. SWEET, INTERNATIONALE ZEITSCHRIFT F\u00dcR STRAHLUNGSONKOLOGIE*BIOLOGIE*PHYSIK, PROCEEDINGS DER 52. JAHRESTAGUNG DER AMERIKANISCHEN GESELLSCHAFT F\u00dcR THERAPEUTISCHE RADIOLOGIE UND ONKOLOGIE,\u00a0<strong>FEHLERREDUKTIONSMODELL IN DER STRAHLUNGSONKOLOGIE<\/strong>, AUSGABE 78, NUMMER 3, BEILAGE, NOVEMBER 2010, SEITE S574.<\/li>\n \t<li>J.W. SWEET, E.B. KLINE, 52. J\u00c4HRLICH STATTFINDENDE TAGUNG DER AMERIKANISCHEN GESELLSCHAFT F\u00dcR THERAPEUTISCHE RADIOLOGIE UND ONKOLOGIE,\u00a0<strong>FEHLERREDUKTIONSMODELL IN DER STRAHLENONKOLOGIE:<\/strong>, ABSTRAKT UND POSTER, SAN DIEGO, CA, 2. NOVEMBER 2010.<\/li>\n \t<li>E.B. KLINE, 26. J\u00c4HRLICHES TREFFEN &#8211; GESELLSCHAFT DER STRAHLENONKOLOGIE-ADMINISTRATOREN,\u00a0<strong>FEHLERREDUZIERUNGSPROGRAMM IN DER STRAHLENONKOLOGIE: ERFAHRUNGEN MIT EINEM SOFTWARETOOL AN MEHREREN KREBSZENTREN<\/strong>, ABSTRAKT UND VER\u00d6FFENTLICHTE ERGEBNISSE, SAN DIEGO, CA, 2. NOVEMBER 2010.<\/li>\n \t<li>E.B. KLINE, P.S. STAFFORD, INTERNATIONALE FACHZEITSCHRIFT F\u00dcR STRAHLENONKOLOGIE*BIOLOGIE*PHYSIK, VERANSTALTUNGEN DER 50. JAHRESTAGUNG DER AMERIKANISCHEN GESELLSCHAFT F\u00dcR THERAPEUTISCHE RADIOLOGIE UND ONKOLOGIE,\u00a0<strong>KLINISCHE ERGEBNISSE EINES SOFTWAREPROGRAMMS ZUR REDUZIERUNG MEDIZINISCHER FEHLER UND ZUR EINHALTUNG DER BESTIMMUNGEN IN DER STRAHLENONKOLOGIE<\/strong>, AUSGABE  72, BAND 1, BEILAGE 1, SEPTEMBER 2008, SEITE S667.<\/li>\n \t<li>E.B. KLINE, 50. J\u00c4HRLICHES TREFFEN &#8211; AMERIKANISCHE GESELLSCHAFT F\u00dcR THERAPEUTISCHE RADIOLOGIE UND ONKOLOGIE:\u00a0<strong>KLINISCHE ERGEBNISSE EINES SOFTWAREPROGRAMMS ZUR REDUZIERUNG MEDIZINISCHER FEHLER\/COMPLIANCE IN DER STRAHLENONKOLOGIE<\/strong>, ABSTRAKT UND POSTER, BOSTON, MA, 23. SEPTEMBER 2008.<\/li>\n \t<li>E.B. KLINE, 25. J\u00c4HRLICHES TREFFEN &#8211; GESELLSCHAFT DER STRAHLENONKOLOGIE,\u00a0<strong>KLINISCHE ERGEBNISSE EINES SOFTWAREPROGRAMMS ZUR REDUZIERUNG MEDIZINISCHER FEHLER\/COMPLIANCE IN DER STRAHLENONKOLOGIE<\/strong>, ZUSAMMENFASSUNG UND VER\u00d6FFENTLICHTE ERGEBNISSE, CAMBRIDGE, MA, 23. SEPTEMBER 2008.<\/li>\n \t<li>E.B. KLINE, 24. J\u00c4HRLICHES TREFFEN &#8211; GESELLSCHAFT DER STRAHLENONKOLOGIE-ADMINISTRATOREN,\u00a0<strong>KLINISCHE ERGEBNISSE EINES SOFTWAREPROGRAMMS ZUR REDUZIERUNG MEDIZINISCHER FEHLER IN DER STRAHLENONKOLOGIE<\/strong>, ABSTRAKT UND VER\u00d6FFENTLICHTE ERGEBNISSE, PHILADELPHIA, PA, 7. NOVEMBER 2006.<\/li>\n \t<li>E.B. KLINE, ASRT SCANNER, <strong>\u00a0STEREOTAKTISCHE K\u00d6RPERRADIOCHIRURGIE<\/strong>, AMERIKANISCHE GESELLSCHAFT DER RADIOLOGISCHEN TECHNOLOGEN, ALBUQUERQUE, NM, BAND 38, NR. 10, JULI 2006.<\/li>\n \t<li>E.B. KLINE, 23. JAHRESTAGUNG DER SOCIETY OF RADIATION ONCOLOGY ADMINISTRATORS,\u00a0<strong>ZWEI MODELLE F\u00dcR PROGRAMME ZUR VERRINGERUNG MEDIZINISCHER FEHLER IN DER RADIOONKOLOGIE<\/strong>, ZUSAMMENFASSUNG UND VER\u00d6FFENTLICHTE ERGEBNISSE, DENVER, CO, 17. OKTOBER 2005.<\/li>\n \t<li>E.B. KLINE, AMERIKANISCHES COLLEGE F\u00dcR MEDIZINISCHE PHYSIK MITGLIEDERVERZEICHNIS UND HANDBUCH,<strong>\u00a0RICHTLINIENERKL\u00c4RUNG &#8211; MEDIZINISCHE FEHLERREDUZIERUNG<\/strong>, AMERIKANISCHES COLLEGE F\u00dcR MEDIZINISCHE PHYSIK, RESTON, VA, JULI 2005.<\/li>\n \t<li>E.B. KLINE, AMERIKANISCHES COLLEGE F\u00dcR MEDIZINISCHE PHYSIK NEWSLETTER,\u00a0<strong>AUSSCHUSS F\u00dcR REGIERUNGSANGELEGENHEITEN &#8211; REDUZIERUNG MEDIZINISCHER FEHLER<\/strong>, AMERIKANISCHES COLLEGE F\u00dcR MEDIZINISCHE PHYSIK, RESTON, VA, FEBRUAR 2005.<\/li>\n \t<li>E.B. KLINE, AMERIKANISCHES COLLEGE F\u00dcR MEDIZINISCHE PHYSIK NEWSLETTER,\u00a0<strong>BERICHT DES AUSSCHUSSES F\u00dcR REGIERUNGSANGELEGENHEITEN<\/strong>, AMERIKANISCHES COLLEGE F\u00dcR MEDIZINISCHE PHYSIK, RESTON, VA, SEPTEMBER 2004.<\/li>\n \t<li>E.B. KLINE, AMERIKANISCHES COLLEGE F\u00dcR MEDIZINISCHE PHYSIK NEWSLETTER,\u00a0<strong>AUSSCHUSS F\u00dcR REGIERUNGSANGELEGENHEITEN<\/strong>, AMERIKANISCHES COLLEGE F\u00dcR MEDIZINISCHE PHYSIK, RESTON, VA, SEPTEMBER 2003.<\/li>\n \t<li>E.B. KLINE, P.S. STAFFORD, FORTSCHRITT F\u00dcR VERWALTER DER BILDGEBUNG UND ONKOLOGIE,\u00a0<strong>GEBAUT UM ZU BESTEHEN<\/strong>, MERION PUBLISHING INC: KING OF PRUSSIA, PA, BAND. 13, NR. 7, JULI 2003.<\/li>\n \t<li>E.B. KLINE, AMERIKANISCHES COLLEGE F\u00dcR MEDIZINISCHE PHYSIK NEWSLETTER,\u00a0<strong>AUSSCHUSS F\u00dcR REGIERUNGSANGELEGENHEITEN<\/strong>, AMERIKANISCHES COLLEGE F\u00dcR MEDIZINISCHE PHYSIK, RESTON, VA, JANUAR 2003.<\/li>\n \t<li>E.B. KLINE, AMERIKANISCHES COLLEGE F\u00dcR MEDIZINISCHE PHYSIK NEWSLETTER,\u00a0<strong>AUSSCHUSS F\u00dcR REGIERUNGSANGELEGENHEITEN<\/strong>, AMERIKANISCHES COLLEGE F\u00dcR MEDIZINISCHE PHYSIK, RESTON, VA, JULI 2002.<\/li>\n \t<li>E.B. KLINE, AMERIKANISCHES COLLEGE F\u00dcR MEDIZINISCHE PHYSIK NEWSLETTER,\u00a0<strong>REGULATORISCHE ECKE<\/strong>, AMERIKANISCHES COLLEGE F\u00dcR MEDIZINISCHE PHYSIK, RESTON, VA, MAI 2002.<\/li>\n \t<li>E.B. KLINE, CHURCHILL UPDATE,\u00a0<strong>AKKREDITIERUNGSPROZESS DER ACR &#8211; TEIL III: ACR-STANDARDS F\u00dcR DIE STRAHLENONKOLOGIE<\/strong>, CHURCHILL CONSULTING, INC., KILLINGWORTH, CT, BAND # 4, AUSGABE 40, JUNI &#8211; JULI 2002.<\/li>\n \t<li>E.B. KLINE, CHURCHILL UPDATE,\u00a0<strong>AKKREDITIERUNGSPROZESS DER ACR &#8211; TEIL II: F\u00d6RDERF\u00c4HIGKEIT<\/strong>, CHURCHILL CONSULTING, INC., KILLINGWORTH, CT, BAND  # NR. 3, AUSGABE 39, M\u00c4RZ-MAI 2002.<\/li>\n \t<li>E.B. KLINE, CHURCHILL UPDATE,\u00a0<strong>AKKREDITIERUNGSPROZESS DER ACR &#8211; TEIL I: HINTERGRUND<\/strong>, CHURCHILL CONSULTING, INC., KILLINGWORTH, CT, BAND # 2, AUSGABE 38, FEBRUAR 2002.<\/li>\n \t<li>E.B. KLINE,\u00a0<strong>STRAHLENTHERAPIE-TRACKING &#8211; FEHLERREDUZIERUNG MIT LEIDENSCHAFT<\/strong>, HIGHLIGHTS MAGAZINE, WELLSPAN HEALTH, YORK, PA, 5\/28\/01.<\/li>\n \t<li>E.B. KLINE, CHURCHILL UPDATE,\u00a0<strong>PROZESS DER DURCHSETZUNG VON RECHTSVORSCHRIFTEN &#8211; TEIL IV: WIE F\u00dcHRE ICH EIN INTERNES AUDIT DURCH (CONTI.)-ABSCHNITT III?<\/strong>, CHURCHILL CONSULTING, INC., KILLINGWORTH, CT, BAND # 3, AUSGABE M\u00c4RZ-APRIL 2000.<\/li>\n \t<li>E.B. KLINE, CHURCHILL UPDATE,\u00a0<strong>PROZESS DER DURCHSETZUNG VON RECHTSVORSCHRIFTEN &#8211; TEIL IV: WIE F\u00dcHRE ICH EINE INTERNE PR\u00dcFUNG (CONTI.)-ABSCHNITT II?<\/strong>, CHURCHILL CONSULTING, INC., KILLINGWORTH, CT,  BAND  # 2, AUSGABE FEBRUAR 2000.<\/li>\n \t<li>E.B. KLINE, CHURCHILL UPDATE,<strong>\u00a0PROZESS DER DURCHSETZUNG VON RECHTSVORSCHRIFTEN &#8211; TEIL III: WIE F\u00dcHRE ICH EINE INTERNE PR\u00dcFUNG DURCH &#8211; ABSCHNITT I?<\/strong>, CHURCHILL CONSULTING, INC., KILLINGWORTH, CT, BAND # 8, AUSGABE NOVEMBER-DEZEMBER 1999.<\/li>\n \t<li>E.B. KLINE, CHURCHILL UPDATE,<strong>\u00a0PROZESS DER DURCHSETZUNG VON RECHTSVORSCHRIFTEN &#8211; TEIL II: WAS SIND ESKALIERTE DURCHSETZUNGSMASSNAHMEN?<\/strong>, CHURCHILL CONSULTING, INC., KILLINGWORTH, CT, BAND # 7, AUSGABE OKTOBER 1999.<\/li>\n \t<li>E.B. KLINE, CHURCHILL UPDATE,\u00a0<strong>PROZESS DER DURCHSETZUNG VON RECHTSVORSCHRIFTEN &#8211; TEIL I: EINLEITUNG<\/strong>, CHURCHILL CONSULTING, INC., KILLINGWORTH, CT, BAND  # 6, AUSGABE AUGUST-SEPTEMBER 1999.<\/li>\n<\/ul>\t\t\t\t\t\t\t\t<\/div>\n\t\t\t\t<\/div>\n\t\t\t\t\t<\/div>\n\t\t<\/div>\n\t\t\t\t\t<\/div>\n\t\t<\/section>\n\t\t\t\t<\/div>\n\t\t","protected":false},"excerpt":{"rendered":"<p>RADPHYSICS-VER\u00d6FFENTLICHUNGEN I. GANGULY, G. BUHRMAN, S. MUN, E. KLINE, S. SENGUPTA, AUTOMATISIERTE FEHLERMARKIERUNG IN DER STRAHLUNGSONKOLOGIE MITTELS STATISTISCHER NAT\u00dcRLICHER SPRACHVERARBEITUNG, ANGENOMMEN ZUR VER\u00d6FFENTLICHUNG BEI MDPI (PEER REVIEW JOURNAL) AM 15. M\u00c4RZ 2023. E.B. KLINE, S. SENGUPTA, ET. AL., K\u00dcNSTLICHE INTELLIGENZ IN DER STRAHLENONKOLOGIE, KAPITEL 11 &#8211; WIE KI UNS HELFEN KANN, DIE FEHLERFORTPFLANZUNG IN DER [&hellip;]<\/p>\n","protected":false},"author":1,"featured_media":0,"parent":0,"menu_order":0,"comment_status":"closed","ping_status":"closed","template":"elementor_header_footer","meta":{"_acf_changed":false,"_seopress_robots_primary_cat":"","_seopress_titles_title":"","_seopress_titles_desc":"","_seopress_robots_index":"","footnotes":""},"class_list":["post-4739","page","type-page","status-publish","hentry"],"acf":[],"_links":{"self":[{"href":"https:\/\/radphysics.com\/de\/wp-json\/wp\/v2\/pages\/4739","targetHints":{"allow":["GET"]}}],"collection":[{"href":"https:\/\/radphysics.com\/de\/wp-json\/wp\/v2\/pages"}],"about":[{"href":"https:\/\/radphysics.com\/de\/wp-json\/wp\/v2\/types\/page"}],"author":[{"embeddable":true,"href":"https:\/\/radphysics.com\/de\/wp-json\/wp\/v2\/users\/1"}],"replies":[{"embeddable":true,"href":"https:\/\/radphysics.com\/de\/wp-json\/wp\/v2\/comments?post=4739"}],"version-history":[{"count":5,"href":"https:\/\/radphysics.com\/de\/wp-json\/wp\/v2\/pages\/4739\/revisions"}],"predecessor-version":[{"id":6193,"href":"https:\/\/radphysics.com\/de\/wp-json\/wp\/v2\/pages\/4739\/revisions\/6193"}],"wp:attachment":[{"href":"https:\/\/radphysics.com\/de\/wp-json\/wp\/v2\/media?parent=4739"}],"curies":[{"name":"wp","href":"https:\/\/api.w.org\/{rel}","templated":true}]}}